{"id":804,"date":"2023-12-06T10:07:57","date_gmt":"2023-12-06T09:07:57","guid":{"rendered":"https:\/\/www.calganxo.com\/calcotada\/"},"modified":"2024-01-24T13:25:07","modified_gmt":"2024-01-24T12:25:07","slug":"calcotada","status":"publish","type":"page","link":"https:\/\/www.calganxo.com\/es\/calcotada\/","title":{"rendered":"La cal\u00e7otada de Cal Ganxo"},"content":{"rendered":"\t\t<div data-elementor-type=\"wp-page\" data-elementor-id=\"804\" class=\"elementor elementor-804 elementor-136\">\n\t\t\t\t<div class=\"elementor-element elementor-element-61543038 e-flex e-con-boxed e-con e-parent\" data-id=\"61543038\" data-element_type=\"container\" data-e-type=\"container\">\n\t\t\t\t\t<div class=\"e-con-inner\">\n\t\t\t\t<div class=\"elementor-element elementor-element-15265231 elementor-widget elementor-widget-image\" data-id=\"15265231\" data-element_type=\"widget\" data-e-type=\"widget\" data-widget_type=\"image.default\">\n\t\t\t\t<div class=\"elementor-widget-container\">\n\t\t\t\t\t\t\t\t\t\t\t\t\t\t\t<img fetchpriority=\"high\" decoding=\"async\" width=\"2560\" height=\"1440\" src=\"https:\/\/www.calganxo.com\/wp-content\/uploads\/2024\/01\/SECOND-SHOOTING-0022-scaled.jpg\" class=\"attachment-full size-full wp-image-769\" alt=\"\" srcset=\"https:\/\/www.calganxo.com\/wp-content\/uploads\/2024\/01\/SECOND-SHOOTING-0022-scaled.jpg 2560w, https:\/\/www.calganxo.com\/wp-content\/uploads\/2024\/01\/SECOND-SHOOTING-0022-300x169.jpg 300w, https:\/\/www.calganxo.com\/wp-content\/uploads\/2024\/01\/SECOND-SHOOTING-0022-1024x576.jpg 1024w, https:\/\/www.calganxo.com\/wp-content\/uploads\/2024\/01\/SECOND-SHOOTING-0022-768x432.jpg 768w, https:\/\/www.calganxo.com\/wp-content\/uploads\/2024\/01\/SECOND-SHOOTING-0022-1536x864.jpg 1536w, https:\/\/www.calganxo.com\/wp-content\/uploads\/2024\/01\/SECOND-SHOOTING-0022-2048x1152.jpg 2048w, https:\/\/www.calganxo.com\/wp-content\/uploads\/2024\/01\/SECOND-SHOOTING-0022-800x450.jpg 800w\" sizes=\"(max-width: 2560px) 100vw, 2560px\" \/>\t\t\t\t\t\t\t\t\t\t\t\t\t\t\t<\/div>\n\t\t\t\t<\/div>\n\t\t\t\t\t<\/div>\n\t\t\t\t<\/div>\n\t\t<div class=\"elementor-element elementor-element-41f1a87f e-flex e-con-boxed e-con e-parent\" data-id=\"41f1a87f\" data-element_type=\"container\" data-e-type=\"container\">\n\t\t\t\t\t<div class=\"e-con-inner\">\n\t\t\t\t<div class=\"elementor-element elementor-element-22de009f elementor-widget elementor-widget-heading\" data-id=\"22de009f\" data-element_type=\"widget\" data-e-type=\"widget\" data-widget_type=\"heading.default\">\n\t\t\t\t<div class=\"elementor-widget-container\">\n\t\t\t\t\t<h1 class=\"elementor-heading-title elementor-size-xl\">La cal\u00e7otada de Cal Ganxo, fieles a la tradici\u00f3n<\/h1>\t\t\t\t<\/div>\n\t\t\t\t<\/div>\n\t\t\t\t<div class=\"elementor-element elementor-element-2219d53b elementor-widget elementor-widget-text-editor\" data-id=\"2219d53b\" data-element_type=\"widget\" data-e-type=\"widget\" data-widget_type=\"text-editor.default\">\n\t\t\t\t<div class=\"elementor-widget-container\">\n\t\t\t\t\t\t\t\t\t<p><strong>Cal Ganxo<\/strong> es el \u00fanico restaurante de <strong>Valls<\/strong> y de <strong>Catalunya<\/strong> que sirve \u00fanica y exclusivamente <strong>cal\u00e7otades<\/strong>. Fieles a la tradici\u00f3n, ofrecemos a nuestros comensales <strong>una experiencia gastron\u00f3mica aut\u00e9ntica y genuina.<\/strong> Como es tradicinal, asamos los <strong>cal\u00e7ots<\/strong> a la llama viva de los sermientos y los servimos al momento, envueltos en papel de peri\u00f3dico y sobre tejas, tal y como se hac\u00eda en los or\u00edgenes.\u00a0<\/p><p>La <strong>salsa de cal\u00e7ots<\/strong>, una receta original de nuestra abuela <strong>Cisqueta de Cal Ganxo<\/strong>, convierte este extraordinario \u00e1gape en la clave del \u00e9xito de la comida.\u00a0<span style=\"font-size: 16px;\">A los <\/span><strong style=\"font-size: 16px;\">cal\u00e7ots con salsa,<\/strong><span style=\"font-size: 16px;\"> siempre les sigue un segundo plato a base de carne de cordero a la brasa, longaniza y butifarra negra de <\/span><strong style=\"font-size: 16px;\">Valls<\/strong><span style=\"font-size: 16px;\">, que servimos sobre una peque\u00f1a parrilla con brasas para que mantengan la temperatura, acompa\u00f1adas de alubias &#8216;del ganxet&#8217;, alcachofas y &#8216;allioli&#8217;. <\/span><\/p><p><span style=\"font-size: 16px;\">Tambi\u00e9n servimos el tradicional pan de pay\u00e9s, por si quer\u00e9is mojar en la <strong>salsa de cal\u00e7ot<\/strong>, vino de la casa en el tradicional porr\u00f3n y cava brut nature para acompa\u00f1ar la parte final del \u00e1gape. La dulzura de la crema catalana con toques arom\u00e1ticos, la frescura digestiva de la naranja y la agradable amargura del caf\u00e9, cierran un men\u00fa completo elaborado de forma tradicional con productos cercanos y de calidad.<\/span><\/p>\t\t\t\t\t\t\t\t<\/div>\n\t\t\t\t<\/div>\n\t\t\t\t<div class=\"elementor-element elementor-element-6ec6756 elementor-align-center elementor-widget elementor-widget-button\" data-id=\"6ec6756\" data-element_type=\"widget\" data-e-type=\"widget\" data-widget_type=\"button.default\">\n\t\t\t\t<div class=\"elementor-widget-container\">\n\t\t\t\t\t\t\t\t\t<div class=\"elementor-button-wrapper\">\n\t\t\t\t\t<a class=\"elementor-button elementor-button-link elementor-size-sm\" href=\"https:\/\/www.calganxo.com\/es\/menu-calcotada\/\">\n\t\t\t\t\t\t<span class=\"elementor-button-content-wrapper\">\n\t\t\t\t\t\t\t\t\t<span class=\"elementor-button-text\">Ver el men\u00fa<\/span>\n\t\t\t\t\t<\/span>\n\t\t\t\t\t<\/a>\n\t\t\t\t<\/div>\n\t\t\t\t\t\t\t\t<\/div>\n\t\t\t\t<\/div>\n\t\t\t\t\t<\/div>\n\t\t\t\t<\/div>\n\t\t<div class=\"elementor-element elementor-element-64ee9737 e-flex e-con-boxed e-con e-parent\" data-id=\"64ee9737\" data-element_type=\"container\" data-e-type=\"container\">\n\t\t\t\t\t<div class=\"e-con-inner\">\n\t\t\t\t<div class=\"elementor-element elementor-element-1a2204a1 gallery-spacing-custom elementor-widget elementor-widget-image-gallery\" data-id=\"1a2204a1\" data-element_type=\"widget\" data-e-type=\"widget\" data-widget_type=\"image-gallery.default\">\n\t\t\t\t<div class=\"elementor-widget-container\">\n\t\t\t\t\t\t\t<div class=\"elementor-image-gallery\">\n\t\t\t<div id='gallery-1' class='gallery galleryid-804 gallery-columns-3 gallery-size-galeria-quadrada'><figure class='gallery-item'>\n\t\t\t<div class='gallery-icon landscape'>\n\t\t\t\t<a data-elementor-open-lightbox=\"yes\" data-elementor-lightbox-slideshow=\"1a2204a1\" data-elementor-lightbox-title=\"View More: http:\/\/pepsalvat.pass.us\/calganxo-photoshoot\" data-e-action-hash=\"#elementor-action%3Aaction%3Dlightbox%26settings%3DeyJpZCI6NzMzLCJ1cmwiOiJodHRwczpcL1wvd3d3LmNhbGdhbnhvLmNvbVwvd3AtY29udGVudFwvdXBsb2Fkc1wvMjAyM1wvMTJcL1NFQ09ORC1TSE9PVElORy0wMDA1LXNjYWxlZC5qcGciLCJzbGlkZXNob3ciOiIxYTIyMDRhMSJ9\" href='https:\/\/www.calganxo.com\/wp-content\/uploads\/2023\/12\/SECOND-SHOOTING-0005-scaled.jpg'><img decoding=\"async\" width=\"650\" height=\"650\" src=\"https:\/\/www.calganxo.com\/wp-content\/uploads\/2023\/12\/SECOND-SHOOTING-0005-650x650.jpg\" class=\"attachment-galeria-quadrada size-galeria-quadrada\" alt=\"\" srcset=\"https:\/\/www.calganxo.com\/wp-content\/uploads\/2023\/12\/SECOND-SHOOTING-0005-650x650.jpg 650w, https:\/\/www.calganxo.com\/wp-content\/uploads\/2023\/12\/SECOND-SHOOTING-0005-150x150.jpg 150w, https:\/\/www.calganxo.com\/wp-content\/uploads\/2023\/12\/SECOND-SHOOTING-0005-600x600.jpg 600w\" sizes=\"(max-width: 650px) 100vw, 650px\" \/><\/a>\n\t\t\t<\/div><\/figure><figure class='gallery-item'>\n\t\t\t<div class='gallery-icon landscape'>\n\t\t\t\t<a data-elementor-open-lightbox=\"yes\" data-elementor-lightbox-slideshow=\"1a2204a1\" data-elementor-lightbox-title=\"View More: http:\/\/pepsalvat.pass.us\/calganxo-photoshoot\" data-e-action-hash=\"#elementor-action%3Aaction%3Dlightbox%26settings%3DeyJpZCI6NzM1LCJ1cmwiOiJodHRwczpcL1wvd3d3LmNhbGdhbnhvLmNvbVwvd3AtY29udGVudFwvdXBsb2Fkc1wvMjAyM1wvMTJcL1NFQ09ORC1TSE9PVElORy0wMDIxLXNjYWxlZC5qcGciLCJzbGlkZXNob3ciOiIxYTIyMDRhMSJ9\" href='https:\/\/www.calganxo.com\/wp-content\/uploads\/2023\/12\/SECOND-SHOOTING-0021-scaled.jpg'><img decoding=\"async\" width=\"650\" height=\"650\" src=\"https:\/\/www.calganxo.com\/wp-content\/uploads\/2023\/12\/SECOND-SHOOTING-0021-650x650.jpg\" class=\"attachment-galeria-quadrada size-galeria-quadrada\" alt=\"\" srcset=\"https:\/\/www.calganxo.com\/wp-content\/uploads\/2023\/12\/SECOND-SHOOTING-0021-650x650.jpg 650w, https:\/\/www.calganxo.com\/wp-content\/uploads\/2023\/12\/SECOND-SHOOTING-0021-150x150.jpg 150w, https:\/\/www.calganxo.com\/wp-content\/uploads\/2023\/12\/SECOND-SHOOTING-0021-600x600.jpg 600w\" sizes=\"(max-width: 650px) 100vw, 650px\" \/><\/a>\n\t\t\t<\/div><\/figure><figure class='gallery-item'>\n\t\t\t<div class='gallery-icon landscape'>\n\t\t\t\t<a data-elementor-open-lightbox=\"yes\" data-elementor-lightbox-slideshow=\"1a2204a1\" data-elementor-lightbox-title=\"View More: http:\/\/pepsalvat.pass.us\/calganxo-photoshoot\" data-e-action-hash=\"#elementor-action%3Aaction%3Dlightbox%26settings%3DeyJpZCI6NzM5LCJ1cmwiOiJodHRwczpcL1wvd3d3LmNhbGdhbnhvLmNvbVwvd3AtY29udGVudFwvdXBsb2Fkc1wvMjAyM1wvMTJcL1RISVJELVNIT09USU5HLTAxMDAtc2NhbGVkLmpwZyIsInNsaWRlc2hvdyI6IjFhMjIwNGExIn0%3D\" href='https:\/\/www.calganxo.com\/wp-content\/uploads\/2023\/12\/THIRD-SHOOTING-0100-scaled.jpg'><img loading=\"lazy\" decoding=\"async\" width=\"650\" height=\"650\" src=\"https:\/\/www.calganxo.com\/wp-content\/uploads\/2023\/12\/THIRD-SHOOTING-0100-650x650.jpg\" class=\"attachment-galeria-quadrada size-galeria-quadrada\" alt=\"\" srcset=\"https:\/\/www.calganxo.com\/wp-content\/uploads\/2023\/12\/THIRD-SHOOTING-0100-650x650.jpg 650w, https:\/\/www.calganxo.com\/wp-content\/uploads\/2023\/12\/THIRD-SHOOTING-0100-150x150.jpg 150w, https:\/\/www.calganxo.com\/wp-content\/uploads\/2023\/12\/THIRD-SHOOTING-0100-600x600.jpg 600w\" sizes=\"(max-width: 650px) 100vw, 650px\" \/><\/a>\n\t\t\t<\/div><\/figure><figure class='gallery-item'>\n\t\t\t<div class='gallery-icon landscape'>\n\t\t\t\t<a data-elementor-open-lightbox=\"yes\" data-elementor-lightbox-slideshow=\"1a2204a1\" data-elementor-lightbox-title=\"View More: http:\/\/pepsalvat.pass.us\/calganxo-photoshoot\" data-e-action-hash=\"#elementor-action%3Aaction%3Dlightbox%26settings%3DeyJpZCI6NzM3LCJ1cmwiOiJodHRwczpcL1wvd3d3LmNhbGdhbnhvLmNvbVwvd3AtY29udGVudFwvdXBsb2Fkc1wvMjAyM1wvMTJcL1RISVJELVNIT09USU5HLTAwNzAtc2NhbGVkLmpwZyIsInNsaWRlc2hvdyI6IjFhMjIwNGExIn0%3D\" href='https:\/\/www.calganxo.com\/wp-content\/uploads\/2023\/12\/THIRD-SHOOTING-0070-scaled.jpg'><img loading=\"lazy\" decoding=\"async\" width=\"650\" height=\"650\" src=\"https:\/\/www.calganxo.com\/wp-content\/uploads\/2023\/12\/THIRD-SHOOTING-0070-650x650.jpg\" class=\"attachment-galeria-quadrada size-galeria-quadrada\" alt=\"\" srcset=\"https:\/\/www.calganxo.com\/wp-content\/uploads\/2023\/12\/THIRD-SHOOTING-0070-650x650.jpg 650w, https:\/\/www.calganxo.com\/wp-content\/uploads\/2023\/12\/THIRD-SHOOTING-0070-150x150.jpg 150w, https:\/\/www.calganxo.com\/wp-content\/uploads\/2023\/12\/THIRD-SHOOTING-0070-600x600.jpg 600w\" sizes=\"(max-width: 650px) 100vw, 650px\" \/><\/a>\n\t\t\t<\/div><\/figure><figure class='gallery-item'>\n\t\t\t<div class='gallery-icon landscape'>\n\t\t\t\t<a data-elementor-open-lightbox=\"yes\" data-elementor-lightbox-slideshow=\"1a2204a1\" data-elementor-lightbox-title=\"View More: http:\/\/pepsalvat.pass.us\/calganxo-photoshoot\" data-e-action-hash=\"#elementor-action%3Aaction%3Dlightbox%26settings%3DeyJpZCI6NzQxLCJ1cmwiOiJodHRwczpcL1wvd3d3LmNhbGdhbnhvLmNvbVwvd3AtY29udGVudFwvdXBsb2Fkc1wvMjAyM1wvMTJcL1RISVJELVNIT09USU5HLTAxMTgtc2NhbGVkLmpwZyIsInNsaWRlc2hvdyI6IjFhMjIwNGExIn0%3D\" href='https:\/\/www.calganxo.com\/wp-content\/uploads\/2023\/12\/THIRD-SHOOTING-0118-scaled.jpg'><img loading=\"lazy\" decoding=\"async\" width=\"650\" height=\"650\" src=\"https:\/\/www.calganxo.com\/wp-content\/uploads\/2023\/12\/THIRD-SHOOTING-0118-650x650.jpg\" class=\"attachment-galeria-quadrada size-galeria-quadrada\" alt=\"\" srcset=\"https:\/\/www.calganxo.com\/wp-content\/uploads\/2023\/12\/THIRD-SHOOTING-0118-650x650.jpg 650w, https:\/\/www.calganxo.com\/wp-content\/uploads\/2023\/12\/THIRD-SHOOTING-0118-150x150.jpg 150w, https:\/\/www.calganxo.com\/wp-content\/uploads\/2023\/12\/THIRD-SHOOTING-0118-600x600.jpg 600w\" sizes=\"(max-width: 650px) 100vw, 650px\" \/><\/a>\n\t\t\t<\/div><\/figure><figure class='gallery-item'>\n\t\t\t<div class='gallery-icon landscape'>\n\t\t\t\t<a data-elementor-open-lightbox=\"yes\" data-elementor-lightbox-slideshow=\"1a2204a1\" data-elementor-lightbox-title=\"View More: http:\/\/pepsalvat.pass.us\/calganxo-photoshoot\" data-e-action-hash=\"#elementor-action%3Aaction%3Dlightbox%26settings%3DeyJpZCI6NzQzLCJ1cmwiOiJodHRwczpcL1wvd3d3LmNhbGdhbnhvLmNvbVwvd3AtY29udGVudFwvdXBsb2Fkc1wvMjAyM1wvMTJcL1RISVJELVNIT09USU5HLTAxMjMtc2NhbGVkLmpwZyIsInNsaWRlc2hvdyI6IjFhMjIwNGExIn0%3D\" href='https:\/\/www.calganxo.com\/wp-content\/uploads\/2023\/12\/THIRD-SHOOTING-0123-scaled.jpg'><img loading=\"lazy\" decoding=\"async\" width=\"650\" height=\"650\" src=\"https:\/\/www.calganxo.com\/wp-content\/uploads\/2023\/12\/THIRD-SHOOTING-0123-650x650.jpg\" class=\"attachment-galeria-quadrada size-galeria-quadrada\" alt=\"\" srcset=\"https:\/\/www.calganxo.com\/wp-content\/uploads\/2023\/12\/THIRD-SHOOTING-0123-650x650.jpg 650w, https:\/\/www.calganxo.com\/wp-content\/uploads\/2023\/12\/THIRD-SHOOTING-0123-150x150.jpg 150w, https:\/\/www.calganxo.com\/wp-content\/uploads\/2023\/12\/THIRD-SHOOTING-0123-600x600.jpg 600w\" sizes=\"(max-width: 650px) 100vw, 650px\" \/><\/a>\n\t\t\t<\/div><\/figure>\n\t\t<\/div>\n\t\t<\/div>\n\t\t\t\t\t\t<\/div>\n\t\t\t\t<\/div>\n\t\t\t\t\t<\/div>\n\t\t\t\t<\/div>\n\t\t\t\t<\/div>\n\t\t","protected":false},"excerpt":{"rendered":"<p>La cal\u00e7otada de Cal Ganxo, fieles a la tradici\u00f3n Cal Ganxo es el \u00fanico restaurante de Valls y de Catalunya que sirve \u00fanica y exclusivamente cal\u00e7otades. Fieles a la tradici\u00f3n, ofrecemos a nuestros comensales una experiencia gastron\u00f3mica aut\u00e9ntica y genuina. Como es tradicinal, asamos los cal\u00e7ots a la llama viva de los sermientos y los [&hellip;]<\/p>\n","protected":false},"author":1,"featured_media":0,"parent":0,"menu_order":0,"comment_status":"closed","ping_status":"closed","template":"","meta":{"ocean_post_layout":"full-screen","ocean_both_sidebars_style":"","ocean_both_sidebars_content_width":0,"ocean_both_sidebars_sidebars_width":0,"ocean_sidebar":"","ocean_second_sidebar":"","ocean_disable_margins":"enable","ocean_add_body_class":"","ocean_shortcode_before_top_bar":"","ocean_shortcode_after_top_bar":"","ocean_shortcode_before_header":"","ocean_shortcode_after_header":"","ocean_has_shortcode":"","ocean_shortcode_after_title":"","ocean_shortcode_before_footer_widgets":"","ocean_shortcode_after_footer_widgets":"","ocean_shortcode_before_footer_bottom":"","ocean_shortcode_after_footer_bottom":"","ocean_display_top_bar":"default","ocean_display_header":"default","ocean_header_style":"","ocean_center_header_left_menu":"","ocean_custom_header_template":"","ocean_custom_logo":0,"ocean_custom_retina_logo":0,"ocean_custom_logo_max_width":0,"ocean_custom_logo_tablet_max_width":0,"ocean_custom_logo_mobile_max_width":0,"ocean_custom_logo_max_height":0,"ocean_custom_logo_tablet_max_height":0,"ocean_custom_logo_mobile_max_height":0,"ocean_header_custom_menu":"","ocean_menu_typo_font_family":"","ocean_menu_typo_font_subset":"","ocean_menu_typo_font_size":0,"ocean_menu_typo_font_size_tablet":0,"ocean_menu_typo_font_size_mobile":0,"ocean_menu_typo_font_size_unit":"px","ocean_menu_typo_font_weight":"","ocean_menu_typo_font_weight_tablet":"","ocean_menu_typo_font_weight_mobile":"","ocean_menu_typo_transform":"","ocean_menu_typo_transform_tablet":"","ocean_menu_typo_transform_mobile":"","ocean_menu_typo_line_height":0,"ocean_menu_typo_line_height_tablet":0,"ocean_menu_typo_line_height_mobile":0,"ocean_menu_typo_line_height_unit":"","ocean_menu_typo_spacing":0,"ocean_menu_typo_spacing_tablet":0,"ocean_menu_typo_spacing_mobile":0,"ocean_menu_typo_spacing_unit":"","ocean_menu_link_color":"","ocean_menu_link_color_hover":"","ocean_menu_link_color_active":"","ocean_menu_link_background":"","ocean_menu_link_hover_background":"","ocean_menu_link_active_background":"","ocean_menu_social_links_bg":"","ocean_menu_social_hover_links_bg":"","ocean_menu_social_links_color":"","ocean_menu_social_hover_links_color":"","ocean_disable_title":"on","ocean_disable_heading":"default","ocean_post_title":"","ocean_post_subheading":"","ocean_post_title_style":"","ocean_post_title_background_color":"","ocean_post_title_background":0,"ocean_post_title_bg_image_position":"","ocean_post_title_bg_image_attachment":"","ocean_post_title_bg_image_repeat":"","ocean_post_title_bg_image_size":"","ocean_post_title_height":0,"ocean_post_title_bg_overlay":0.5,"ocean_post_title_bg_overlay_color":"","ocean_disable_breadcrumbs":"default","ocean_breadcrumbs_color":"","ocean_breadcrumbs_separator_color":"","ocean_breadcrumbs_links_color":"","ocean_breadcrumbs_links_hover_color":"","ocean_display_footer_widgets":"default","ocean_display_footer_bottom":"default","ocean_custom_footer_template":"","footnotes":""},"class_list":["post-804","page","type-page","status-publish","hentry","entry"],"yoast_head":"<!-- This site is optimized with the Yoast SEO plugin v27.5 - https:\/\/yoast.com\/product\/yoast-seo-wordpress\/ -->\n<title>La cal\u00e7otada de Cal Ganxo - Cal Ganxo Restaurant<\/title>\n<meta name=\"robots\" content=\"index, follow, max-snippet:-1, max-image-preview:large, max-video-preview:-1\" \/>\n<link rel=\"canonical\" href=\"https:\/\/www.calganxo.com\/es\/calcotada\/\" \/>\n<meta property=\"og:locale\" content=\"es_ES\" \/>\n<meta property=\"og:type\" content=\"article\" \/>\n<meta property=\"og:title\" content=\"La cal\u00e7otada de Cal Ganxo - Cal Ganxo Restaurant\" \/>\n<meta property=\"og:description\" content=\"La cal\u00e7otada de Cal Ganxo, fieles a la tradici\u00f3n Cal Ganxo es el \u00fanico restaurante de Valls y de Catalunya que sirve \u00fanica y exclusivamente cal\u00e7otades. Fieles a la tradici\u00f3n, ofrecemos a nuestros comensales una experiencia gastron\u00f3mica aut\u00e9ntica y genuina. Como es tradicinal, asamos los cal\u00e7ots a la llama viva de los sermientos y los [&hellip;]\" \/>\n<meta property=\"og:url\" content=\"https:\/\/www.calganxo.com\/es\/calcotada\/\" \/>\n<meta property=\"og:site_name\" content=\"Cal Ganxo Restaurant\" \/>\n<meta property=\"article:publisher\" content=\"https:\/\/www.facebook.com\/restaurantcalganxo\" \/>\n<meta property=\"article:modified_time\" content=\"2024-01-24T12:25:07+00:00\" \/>\n<meta property=\"og:image\" content=\"https:\/\/www.calganxo.com\/wp-content\/uploads\/2024\/01\/SECOND-SHOOTING-0022-scaled.jpg\" \/>\n<meta name=\"twitter:card\" content=\"summary_large_image\" \/>\n<meta name=\"twitter:label1\" content=\"Tiempo de lectura\" \/>\n\t<meta name=\"twitter:data1\" content=\"3 minutos\" \/>\n<script type=\"application\/ld+json\" class=\"yoast-schema-graph\">{\"@context\":\"https:\\\/\\\/schema.org\",\"@graph\":[{\"@type\":\"WebPage\",\"@id\":\"https:\\\/\\\/www.calganxo.com\\\/es\\\/calcotada\\\/\",\"url\":\"https:\\\/\\\/www.calganxo.com\\\/es\\\/calcotada\\\/\",\"name\":\"La cal\u00e7otada de Cal Ganxo - Cal Ganxo Restaurant\",\"isPartOf\":{\"@id\":\"https:\\\/\\\/www.calganxo.com\\\/es\\\/#website\"},\"primaryImageOfPage\":{\"@id\":\"https:\\\/\\\/www.calganxo.com\\\/es\\\/calcotada\\\/#primaryimage\"},\"image\":{\"@id\":\"https:\\\/\\\/www.calganxo.com\\\/es\\\/calcotada\\\/#primaryimage\"},\"thumbnailUrl\":\"https:\\\/\\\/www.calganxo.com\\\/wp-content\\\/uploads\\\/2024\\\/01\\\/SECOND-SHOOTING-0022-scaled.jpg\",\"datePublished\":\"2023-12-06T09:07:57+00:00\",\"dateModified\":\"2024-01-24T12:25:07+00:00\",\"breadcrumb\":{\"@id\":\"https:\\\/\\\/www.calganxo.com\\\/es\\\/calcotada\\\/#breadcrumb\"},\"inLanguage\":\"es\",\"potentialAction\":[{\"@type\":\"ReadAction\",\"target\":[\"https:\\\/\\\/www.calganxo.com\\\/es\\\/calcotada\\\/\"]}]},{\"@type\":\"ImageObject\",\"inLanguage\":\"es\",\"@id\":\"https:\\\/\\\/www.calganxo.com\\\/es\\\/calcotada\\\/#primaryimage\",\"url\":\"https:\\\/\\\/www.calganxo.com\\\/wp-content\\\/uploads\\\/2024\\\/01\\\/SECOND-SHOOTING-0022-scaled.jpg\",\"contentUrl\":\"https:\\\/\\\/www.calganxo.com\\\/wp-content\\\/uploads\\\/2024\\\/01\\\/SECOND-SHOOTING-0022-scaled.jpg\"},{\"@type\":\"BreadcrumbList\",\"@id\":\"https:\\\/\\\/www.calganxo.com\\\/es\\\/calcotada\\\/#breadcrumb\",\"itemListElement\":[{\"@type\":\"ListItem\",\"position\":1,\"name\":\"Inici\",\"item\":\"https:\\\/\\\/www.calganxo.com\\\/es\\\/\"},{\"@type\":\"ListItem\",\"position\":2,\"name\":\"La cal\u00e7otada de Cal Ganxo\"}]},{\"@type\":\"WebSite\",\"@id\":\"https:\\\/\\\/www.calganxo.com\\\/es\\\/#website\",\"url\":\"https:\\\/\\\/www.calganxo.com\\\/es\\\/\",\"name\":\"Restaurant Cal Ganxo\",\"description\":\"Restaurant Cal Ganxo, les millors cal\u00e7otades\",\"publisher\":{\"@id\":\"https:\\\/\\\/www.calganxo.com\\\/es\\\/#organization\"},\"potentialAction\":[{\"@type\":\"SearchAction\",\"target\":{\"@type\":\"EntryPoint\",\"urlTemplate\":\"https:\\\/\\\/www.calganxo.com\\\/es\\\/?s={search_term_string}\"},\"query-input\":{\"@type\":\"PropertyValueSpecification\",\"valueRequired\":true,\"valueName\":\"search_term_string\"}}],\"inLanguage\":\"es\"},{\"@type\":\"Organization\",\"@id\":\"https:\\\/\\\/www.calganxo.com\\\/es\\\/#organization\",\"name\":\"Restaurant Cal Ganxo\",\"url\":\"https:\\\/\\\/www.calganxo.com\\\/es\\\/\",\"logo\":{\"@type\":\"ImageObject\",\"inLanguage\":\"es\",\"@id\":\"https:\\\/\\\/www.calganxo.com\\\/es\\\/#\\\/schema\\\/logo\\\/image\\\/\",\"url\":\"https:\\\/\\\/www.calganxo.com\\\/wp-content\\\/uploads\\\/2023\\\/12\\\/restaurant-cal-ganxo-2x.png\",\"contentUrl\":\"https:\\\/\\\/www.calganxo.com\\\/wp-content\\\/uploads\\\/2023\\\/12\\\/restaurant-cal-ganxo-2x.png\",\"width\":715,\"height\":600,\"caption\":\"Restaurant Cal Ganxo\"},\"image\":{\"@id\":\"https:\\\/\\\/www.calganxo.com\\\/es\\\/#\\\/schema\\\/logo\\\/image\\\/\"},\"sameAs\":[\"https:\\\/\\\/www.facebook.com\\\/restaurantcalganxo\",\"https:\\\/\\\/www.instagram.com\\\/calganxorestaurant\\\/\",\"https:\\\/\\\/www.youtube.com\\\/@restaurantcalganxo9257\"]}]}<\/script>\n<!-- \/ Yoast SEO plugin. -->","yoast_head_json":{"title":"La cal\u00e7otada de Cal Ganxo - Cal Ganxo Restaurant","robots":{"index":"index","follow":"follow","max-snippet":"max-snippet:-1","max-image-preview":"max-image-preview:large","max-video-preview":"max-video-preview:-1"},"canonical":"https:\/\/www.calganxo.com\/es\/calcotada\/","og_locale":"es_ES","og_type":"article","og_title":"La cal\u00e7otada de Cal Ganxo - Cal Ganxo Restaurant","og_description":"La cal\u00e7otada de Cal Ganxo, fieles a la tradici\u00f3n Cal Ganxo es el \u00fanico restaurante de Valls y de Catalunya que sirve \u00fanica y exclusivamente cal\u00e7otades. Fieles a la tradici\u00f3n, ofrecemos a nuestros comensales una experiencia gastron\u00f3mica aut\u00e9ntica y genuina. Como es tradicinal, asamos los cal\u00e7ots a la llama viva de los sermientos y los [&hellip;]","og_url":"https:\/\/www.calganxo.com\/es\/calcotada\/","og_site_name":"Cal Ganxo Restaurant","article_publisher":"https:\/\/www.facebook.com\/restaurantcalganxo","article_modified_time":"2024-01-24T12:25:07+00:00","og_image":[{"url":"https:\/\/www.calganxo.com\/wp-content\/uploads\/2024\/01\/SECOND-SHOOTING-0022-scaled.jpg","type":"","width":"","height":""}],"twitter_card":"summary_large_image","twitter_misc":{"Tiempo de lectura":"3 minutos"},"schema":{"@context":"https:\/\/schema.org","@graph":[{"@type":"WebPage","@id":"https:\/\/www.calganxo.com\/es\/calcotada\/","url":"https:\/\/www.calganxo.com\/es\/calcotada\/","name":"La cal\u00e7otada de Cal Ganxo - Cal Ganxo Restaurant","isPartOf":{"@id":"https:\/\/www.calganxo.com\/es\/#website"},"primaryImageOfPage":{"@id":"https:\/\/www.calganxo.com\/es\/calcotada\/#primaryimage"},"image":{"@id":"https:\/\/www.calganxo.com\/es\/calcotada\/#primaryimage"},"thumbnailUrl":"https:\/\/www.calganxo.com\/wp-content\/uploads\/2024\/01\/SECOND-SHOOTING-0022-scaled.jpg","datePublished":"2023-12-06T09:07:57+00:00","dateModified":"2024-01-24T12:25:07+00:00","breadcrumb":{"@id":"https:\/\/www.calganxo.com\/es\/calcotada\/#breadcrumb"},"inLanguage":"es","potentialAction":[{"@type":"ReadAction","target":["https:\/\/www.calganxo.com\/es\/calcotada\/"]}]},{"@type":"ImageObject","inLanguage":"es","@id":"https:\/\/www.calganxo.com\/es\/calcotada\/#primaryimage","url":"https:\/\/www.calganxo.com\/wp-content\/uploads\/2024\/01\/SECOND-SHOOTING-0022-scaled.jpg","contentUrl":"https:\/\/www.calganxo.com\/wp-content\/uploads\/2024\/01\/SECOND-SHOOTING-0022-scaled.jpg"},{"@type":"BreadcrumbList","@id":"https:\/\/www.calganxo.com\/es\/calcotada\/#breadcrumb","itemListElement":[{"@type":"ListItem","position":1,"name":"Inici","item":"https:\/\/www.calganxo.com\/es\/"},{"@type":"ListItem","position":2,"name":"La cal\u00e7otada de Cal Ganxo"}]},{"@type":"WebSite","@id":"https:\/\/www.calganxo.com\/es\/#website","url":"https:\/\/www.calganxo.com\/es\/","name":"Restaurant Cal Ganxo","description":"Restaurant Cal Ganxo, les millors cal\u00e7otades","publisher":{"@id":"https:\/\/www.calganxo.com\/es\/#organization"},"potentialAction":[{"@type":"SearchAction","target":{"@type":"EntryPoint","urlTemplate":"https:\/\/www.calganxo.com\/es\/?s={search_term_string}"},"query-input":{"@type":"PropertyValueSpecification","valueRequired":true,"valueName":"search_term_string"}}],"inLanguage":"es"},{"@type":"Organization","@id":"https:\/\/www.calganxo.com\/es\/#organization","name":"Restaurant Cal Ganxo","url":"https:\/\/www.calganxo.com\/es\/","logo":{"@type":"ImageObject","inLanguage":"es","@id":"https:\/\/www.calganxo.com\/es\/#\/schema\/logo\/image\/","url":"https:\/\/www.calganxo.com\/wp-content\/uploads\/2023\/12\/restaurant-cal-ganxo-2x.png","contentUrl":"https:\/\/www.calganxo.com\/wp-content\/uploads\/2023\/12\/restaurant-cal-ganxo-2x.png","width":715,"height":600,"caption":"Restaurant Cal Ganxo"},"image":{"@id":"https:\/\/www.calganxo.com\/es\/#\/schema\/logo\/image\/"},"sameAs":["https:\/\/www.facebook.com\/restaurantcalganxo","https:\/\/www.instagram.com\/calganxorestaurant\/","https:\/\/www.youtube.com\/@restaurantcalganxo9257"]}]}},"_links":{"self":[{"href":"https:\/\/www.calganxo.com\/es\/wp-json\/wp\/v2\/pages\/804","targetHints":{"allow":["GET"]}}],"collection":[{"href":"https:\/\/www.calganxo.com\/es\/wp-json\/wp\/v2\/pages"}],"about":[{"href":"https:\/\/www.calganxo.com\/es\/wp-json\/wp\/v2\/types\/page"}],"author":[{"embeddable":true,"href":"https:\/\/www.calganxo.com\/es\/wp-json\/wp\/v2\/users\/1"}],"replies":[{"embeddable":true,"href":"https:\/\/www.calganxo.com\/es\/wp-json\/wp\/v2\/comments?post=804"}],"version-history":[{"count":9,"href":"https:\/\/www.calganxo.com\/es\/wp-json\/wp\/v2\/pages\/804\/revisions"}],"predecessor-version":[{"id":954,"href":"https:\/\/www.calganxo.com\/es\/wp-json\/wp\/v2\/pages\/804\/revisions\/954"}],"wp:attachment":[{"href":"https:\/\/www.calganxo.com\/es\/wp-json\/wp\/v2\/media?parent=804"}],"curies":[{"name":"wp","href":"https:\/\/api.w.org\/{rel}","templated":true}]}}