{"id":785,"date":"2023-12-01T11:28:36","date_gmt":"2023-12-01T10:28:36","guid":{"rendered":"https:\/\/www.calganxo.com\/politica-de-cookies\/"},"modified":"2024-01-22T18:14:03","modified_gmt":"2024-01-22T17:14:03","slug":"politica-de-cookies","status":"publish","type":"page","link":"https:\/\/www.calganxo.com\/es\/politica-de-cookies\/","title":{"rendered":"Pol\u00edtica de cookies"},"content":{"rendered":"\n<p>En cumplimiento del <strong>Real decreto ley 13\/2012<\/strong>, <strong>Alexandra Plana<\/strong> solicita tu permiso para instalar cookies en la web del <strong>Restaurante Cal Ganxo<\/strong> con la finalidad de obtener datos estad\u00edsticos de tu navegaci\u00f3n en esta p\u00e1gina web. Al continuar utilizando <strong>https:\/\/www.calganxo.com<\/strong> est\u00e1s aceptando la instalaci\u00f3n y el uso de cookies. Pol\u00edtica de privacidad sobre las cookies.<\/p>\n\n\n\n<p>Sobre el uso de cookies o galletas en este sitio web.<\/p>\n\n\n\n<p>Una galleta (o cookie en ingl\u00e9s) es un peque\u00f1o fragmento de c\u00f3digo que los sitios web que visitas env\u00edan a tu navegador. Su funci\u00f3n es diversa, por ejemplo:<\/p>\n\n\n\n<p>Hay cookies de preferencias, que sirven, por ejemplo, para recordar el idioma que ha elegido para navegar. <\/p>\n\n\n\n<p>Hay cookies de procesos que memorizan algunos datos cuando accedes a un \u00e1rea privada para tenerlos en cuenta el d\u00eda que vuelvas, como una carretilla de la compra en una tienda online. <\/p>\n\n\n\n<p>Hay cookies de seguridad, que sirven para impedir que otra persona haga un uso fraudulento de tus credenciales de acceso. <\/p>\n\n\n\n<p>Tambi\u00e9n hay cookies de publicidad, que registran datos relacionados con las b\u00fasquedas en Internet para adaptar tus gustos\/inter\u00e9s mejor a los tipos de anuncios que aparecen en los sitios web visitados. <\/p>\n\n\n\n<p>Por \u00faltimo, hay cookies de an\u00e1lisis, como las de google analytics, que env\u00edan informaci\u00f3n a los propietarios de la web para entender mejor c\u00f3mo interaccionan los visitantes. Estas cookies recopilan informaci\u00f3n estad\u00edstica sobre el uso del sitio web sin identificar personalmente a los visitantes.<\/p>\n\n\n\n<p>En todos los casos, las cookies consiguen que los sitios web sean m\u00e1s \u00fatiles para ti y nosotros las consideramos un recurso para que la web sea m\u00e1s efectiva, \u00fatil y pr\u00e1ctica. Siempre respetamos tu intimidad y la de todas las personas que nos visitan, c\u00f3mo debe ser. <\/p>\n\n\n\n<p><strong>Cal Ganxo<\/strong> utiliza cookies de an\u00e1lisis, concretamente para que google analytics nos facilite datos sobre las visitas de este sitio web, siempre de manera an\u00f3nima, y \u200b\u200bpodamos mejorar los contenidos que ofrecemos. Puede consultar m\u00e1s informaci\u00f3n relacionada con la privacidad de sus datos y las cookies google analytics aqu\u00ed:&nbsp;<a href=\"https:\/\/developers.google.com\/analytics\/devguides\/collection\/analyticsjs\/cookie-usage\">https:\/\/developers.google.com\/analytics\/devguides\/collection\/analyticsjs\/cookie-usage<\/a><\/p>\n\n\n\n<p>Puedes cambiar de opini\u00f3n y cookies cuando quieras. Para consultar y gestionar las cookies instaladas en tu equipo debes cambiar la configuraci\u00f3n de tu navegador. <\/p>\n\n\n\n<p>Encontrar\u00e1s informaci\u00f3n detallada en los siguientes enlaces:<\/p>\n\n\n\n<p>Si navegas en Chrome:&nbsp;<strong>http:\/\/support.google.com\/chrome\/bin\/answer.py?hl=ca&amp;;answer = 95.647<\/strong><\/p>\n\n\n\n<p>Si navegas en Internet Explorer:&nbsp;<strong>http:\/\/windows.microsoft.com\/es-es\/windows7\/how-to-manage-cookies-in-internet-explorer-9<\/strong><\/p>\n\n\n\n<p>Si navegas en Safari:&nbsp;<strong>http:\/\/support.apple.com\/kb\/ph5042<\/strong><\/p>\n\n\n\n<p>Si necesitas m\u00e1s detalles sobre el uso que hacemos de las cookies escribidnos a:\u00a0<strong>restaurant@calganxo.com<\/strong>\u00a0y te informaremos.<\/p>\n","protected":false},"excerpt":{"rendered":"<p>En cumplimiento del Real decreto ley 13\/2012, Alexandra Plana solicita tu permiso para instalar cookies en la web del Restaurante Cal Ganxo con la finalidad de obtener datos estad\u00edsticos de tu navegaci\u00f3n en esta p\u00e1gina web. Al continuar utilizando https:\/\/www.calganxo.com est\u00e1s aceptando la instalaci\u00f3n y el uso de cookies. Pol\u00edtica de privacidad sobre las cookies. [&hellip;]<\/p>\n","protected":false},"author":1,"featured_media":0,"parent":0,"menu_order":0,"comment_status":"closed","ping_status":"closed","template":"","meta":{"ocean_post_layout":"","ocean_both_sidebars_style":"","ocean_both_sidebars_content_width":0,"ocean_both_sidebars_sidebars_width":0,"ocean_sidebar":"","ocean_second_sidebar":"","ocean_disable_margins":"enable","ocean_add_body_class":"","ocean_shortcode_before_top_bar":"","ocean_shortcode_after_top_bar":"","ocean_shortcode_before_header":"","ocean_shortcode_after_header":"","ocean_has_shortcode":"","ocean_shortcode_after_title":"","ocean_shortcode_before_footer_widgets":"","ocean_shortcode_after_footer_widgets":"","ocean_shortcode_before_footer_bottom":"","ocean_shortcode_after_footer_bottom":"","ocean_display_top_bar":"default","ocean_display_header":"default","ocean_header_style":"","ocean_center_header_left_menu":"","ocean_custom_header_template":"","ocean_custom_logo":0,"ocean_custom_retina_logo":0,"ocean_custom_logo_max_width":0,"ocean_custom_logo_tablet_max_width":0,"ocean_custom_logo_mobile_max_width":0,"ocean_custom_logo_max_height":0,"ocean_custom_logo_tablet_max_height":0,"ocean_custom_logo_mobile_max_height":0,"ocean_header_custom_menu":"","ocean_menu_typo_font_family":"","ocean_menu_typo_font_subset":"","ocean_menu_typo_font_size":0,"ocean_menu_typo_font_size_tablet":0,"ocean_menu_typo_font_size_mobile":0,"ocean_menu_typo_font_size_unit":"px","ocean_menu_typo_font_weight":"","ocean_menu_typo_font_weight_tablet":"","ocean_menu_typo_font_weight_mobile":"","ocean_menu_typo_transform":"","ocean_menu_typo_transform_tablet":"","ocean_menu_typo_transform_mobile":"","ocean_menu_typo_line_height":0,"ocean_menu_typo_line_height_tablet":0,"ocean_menu_typo_line_height_mobile":0,"ocean_menu_typo_line_height_unit":"","ocean_menu_typo_spacing":0,"ocean_menu_typo_spacing_tablet":0,"ocean_menu_typo_spacing_mobile":0,"ocean_menu_typo_spacing_unit":"","ocean_menu_link_color":"","ocean_menu_link_color_hover":"","ocean_menu_link_color_active":"","ocean_menu_link_background":"","ocean_menu_link_hover_background":"","ocean_menu_link_active_background":"","ocean_menu_social_links_bg":"","ocean_menu_social_hover_links_bg":"","ocean_menu_social_links_color":"","ocean_menu_social_hover_links_color":"","ocean_disable_title":"default","ocean_disable_heading":"default","ocean_post_title":"","ocean_post_subheading":"","ocean_post_title_style":"","ocean_post_title_background_color":"","ocean_post_title_background":0,"ocean_post_title_bg_image_position":"","ocean_post_title_bg_image_attachment":"","ocean_post_title_bg_image_repeat":"","ocean_post_title_bg_image_size":"","ocean_post_title_height":0,"ocean_post_title_bg_overlay":0.5,"ocean_post_title_bg_overlay_color":"","ocean_disable_breadcrumbs":"default","ocean_breadcrumbs_color":"","ocean_breadcrumbs_separator_color":"","ocean_breadcrumbs_links_color":"","ocean_breadcrumbs_links_hover_color":"","ocean_display_footer_widgets":"default","ocean_display_footer_bottom":"default","ocean_custom_footer_template":"","footnotes":""},"class_list":["post-785","page","type-page","status-publish","hentry","entry"],"yoast_head":"<!-- This site is optimized with the Yoast SEO plugin v27.5 - https:\/\/yoast.com\/product\/yoast-seo-wordpress\/ -->\n<title>Pol\u00edtica de cookies - Cal Ganxo Restaurant<\/title>\n<meta name=\"robots\" content=\"index, follow, max-snippet:-1, max-image-preview:large, max-video-preview:-1\" \/>\n<link rel=\"canonical\" href=\"https:\/\/www.calganxo.com\/es\/politica-de-cookies\/\" \/>\n<meta property=\"og:locale\" content=\"es_ES\" \/>\n<meta property=\"og:type\" content=\"article\" \/>\n<meta property=\"og:title\" content=\"Pol\u00edtica de cookies - Cal Ganxo Restaurant\" \/>\n<meta property=\"og:description\" content=\"En cumplimiento del Real decreto ley 13\/2012, Alexandra Plana solicita tu permiso para instalar cookies en la web del Restaurante Cal Ganxo con la finalidad de obtener datos estad\u00edsticos de tu navegaci\u00f3n en esta p\u00e1gina web. Al continuar utilizando https:\/\/www.calganxo.com est\u00e1s aceptando la instalaci\u00f3n y el uso de cookies. Pol\u00edtica de privacidad sobre las cookies. [&hellip;]\" \/>\n<meta property=\"og:url\" content=\"https:\/\/www.calganxo.com\/es\/politica-de-cookies\/\" \/>\n<meta property=\"og:site_name\" content=\"Cal Ganxo Restaurant\" \/>\n<meta property=\"article:publisher\" content=\"https:\/\/www.facebook.com\/restaurantcalganxo\" \/>\n<meta property=\"article:modified_time\" content=\"2024-01-22T17:14:03+00:00\" \/>\n<meta name=\"twitter:card\" content=\"summary_large_image\" \/>\n<meta name=\"twitter:label1\" content=\"Tiempo de lectura\" \/>\n\t<meta name=\"twitter:data1\" content=\"3 minutos\" \/>\n<script type=\"application\/ld+json\" class=\"yoast-schema-graph\">{\"@context\":\"https:\\\/\\\/schema.org\",\"@graph\":[{\"@type\":\"WebPage\",\"@id\":\"https:\\\/\\\/www.calganxo.com\\\/es\\\/politica-de-cookies\\\/\",\"url\":\"https:\\\/\\\/www.calganxo.com\\\/es\\\/politica-de-cookies\\\/\",\"name\":\"Pol\u00edtica de cookies - Cal Ganxo Restaurant\",\"isPartOf\":{\"@id\":\"https:\\\/\\\/www.calganxo.com\\\/es\\\/#website\"},\"datePublished\":\"2023-12-01T10:28:36+00:00\",\"dateModified\":\"2024-01-22T17:14:03+00:00\",\"breadcrumb\":{\"@id\":\"https:\\\/\\\/www.calganxo.com\\\/es\\\/politica-de-cookies\\\/#breadcrumb\"},\"inLanguage\":\"es\",\"potentialAction\":[{\"@type\":\"ReadAction\",\"target\":[\"https:\\\/\\\/www.calganxo.com\\\/es\\\/politica-de-cookies\\\/\"]}]},{\"@type\":\"BreadcrumbList\",\"@id\":\"https:\\\/\\\/www.calganxo.com\\\/es\\\/politica-de-cookies\\\/#breadcrumb\",\"itemListElement\":[{\"@type\":\"ListItem\",\"position\":1,\"name\":\"Inici\",\"item\":\"https:\\\/\\\/www.calganxo.com\\\/es\\\/\"},{\"@type\":\"ListItem\",\"position\":2,\"name\":\"Pol\u00edtica de cookies\"}]},{\"@type\":\"WebSite\",\"@id\":\"https:\\\/\\\/www.calganxo.com\\\/es\\\/#website\",\"url\":\"https:\\\/\\\/www.calganxo.com\\\/es\\\/\",\"name\":\"Restaurant Cal Ganxo\",\"description\":\"Restaurant Cal Ganxo, les millors cal\u00e7otades\",\"publisher\":{\"@id\":\"https:\\\/\\\/www.calganxo.com\\\/es\\\/#organization\"},\"potentialAction\":[{\"@type\":\"SearchAction\",\"target\":{\"@type\":\"EntryPoint\",\"urlTemplate\":\"https:\\\/\\\/www.calganxo.com\\\/es\\\/?s={search_term_string}\"},\"query-input\":{\"@type\":\"PropertyValueSpecification\",\"valueRequired\":true,\"valueName\":\"search_term_string\"}}],\"inLanguage\":\"es\"},{\"@type\":\"Organization\",\"@id\":\"https:\\\/\\\/www.calganxo.com\\\/es\\\/#organization\",\"name\":\"Restaurant Cal Ganxo\",\"url\":\"https:\\\/\\\/www.calganxo.com\\\/es\\\/\",\"logo\":{\"@type\":\"ImageObject\",\"inLanguage\":\"es\",\"@id\":\"https:\\\/\\\/www.calganxo.com\\\/es\\\/#\\\/schema\\\/logo\\\/image\\\/\",\"url\":\"https:\\\/\\\/www.calganxo.com\\\/wp-content\\\/uploads\\\/2023\\\/12\\\/restaurant-cal-ganxo-2x.png\",\"contentUrl\":\"https:\\\/\\\/www.calganxo.com\\\/wp-content\\\/uploads\\\/2023\\\/12\\\/restaurant-cal-ganxo-2x.png\",\"width\":715,\"height\":600,\"caption\":\"Restaurant Cal Ganxo\"},\"image\":{\"@id\":\"https:\\\/\\\/www.calganxo.com\\\/es\\\/#\\\/schema\\\/logo\\\/image\\\/\"},\"sameAs\":[\"https:\\\/\\\/www.facebook.com\\\/restaurantcalganxo\",\"https:\\\/\\\/www.instagram.com\\\/calganxorestaurant\\\/\",\"https:\\\/\\\/www.youtube.com\\\/@restaurantcalganxo9257\"]}]}<\/script>\n<!-- \/ Yoast SEO plugin. -->","yoast_head_json":{"title":"Pol\u00edtica de cookies - Cal Ganxo Restaurant","robots":{"index":"index","follow":"follow","max-snippet":"max-snippet:-1","max-image-preview":"max-image-preview:large","max-video-preview":"max-video-preview:-1"},"canonical":"https:\/\/www.calganxo.com\/es\/politica-de-cookies\/","og_locale":"es_ES","og_type":"article","og_title":"Pol\u00edtica de cookies - Cal Ganxo Restaurant","og_description":"En cumplimiento del Real decreto ley 13\/2012, Alexandra Plana solicita tu permiso para instalar cookies en la web del Restaurante Cal Ganxo con la finalidad de obtener datos estad\u00edsticos de tu navegaci\u00f3n en esta p\u00e1gina web. Al continuar utilizando https:\/\/www.calganxo.com est\u00e1s aceptando la instalaci\u00f3n y el uso de cookies. Pol\u00edtica de privacidad sobre las cookies. [&hellip;]","og_url":"https:\/\/www.calganxo.com\/es\/politica-de-cookies\/","og_site_name":"Cal Ganxo Restaurant","article_publisher":"https:\/\/www.facebook.com\/restaurantcalganxo","article_modified_time":"2024-01-22T17:14:03+00:00","twitter_card":"summary_large_image","twitter_misc":{"Tiempo de lectura":"3 minutos"},"schema":{"@context":"https:\/\/schema.org","@graph":[{"@type":"WebPage","@id":"https:\/\/www.calganxo.com\/es\/politica-de-cookies\/","url":"https:\/\/www.calganxo.com\/es\/politica-de-cookies\/","name":"Pol\u00edtica de cookies - Cal Ganxo Restaurant","isPartOf":{"@id":"https:\/\/www.calganxo.com\/es\/#website"},"datePublished":"2023-12-01T10:28:36+00:00","dateModified":"2024-01-22T17:14:03+00:00","breadcrumb":{"@id":"https:\/\/www.calganxo.com\/es\/politica-de-cookies\/#breadcrumb"},"inLanguage":"es","potentialAction":[{"@type":"ReadAction","target":["https:\/\/www.calganxo.com\/es\/politica-de-cookies\/"]}]},{"@type":"BreadcrumbList","@id":"https:\/\/www.calganxo.com\/es\/politica-de-cookies\/#breadcrumb","itemListElement":[{"@type":"ListItem","position":1,"name":"Inici","item":"https:\/\/www.calganxo.com\/es\/"},{"@type":"ListItem","position":2,"name":"Pol\u00edtica de cookies"}]},{"@type":"WebSite","@id":"https:\/\/www.calganxo.com\/es\/#website","url":"https:\/\/www.calganxo.com\/es\/","name":"Restaurant Cal Ganxo","description":"Restaurant Cal Ganxo, les millors cal\u00e7otades","publisher":{"@id":"https:\/\/www.calganxo.com\/es\/#organization"},"potentialAction":[{"@type":"SearchAction","target":{"@type":"EntryPoint","urlTemplate":"https:\/\/www.calganxo.com\/es\/?s={search_term_string}"},"query-input":{"@type":"PropertyValueSpecification","valueRequired":true,"valueName":"search_term_string"}}],"inLanguage":"es"},{"@type":"Organization","@id":"https:\/\/www.calganxo.com\/es\/#organization","name":"Restaurant Cal Ganxo","url":"https:\/\/www.calganxo.com\/es\/","logo":{"@type":"ImageObject","inLanguage":"es","@id":"https:\/\/www.calganxo.com\/es\/#\/schema\/logo\/image\/","url":"https:\/\/www.calganxo.com\/wp-content\/uploads\/2023\/12\/restaurant-cal-ganxo-2x.png","contentUrl":"https:\/\/www.calganxo.com\/wp-content\/uploads\/2023\/12\/restaurant-cal-ganxo-2x.png","width":715,"height":600,"caption":"Restaurant Cal Ganxo"},"image":{"@id":"https:\/\/www.calganxo.com\/es\/#\/schema\/logo\/image\/"},"sameAs":["https:\/\/www.facebook.com\/restaurantcalganxo","https:\/\/www.instagram.com\/calganxorestaurant\/","https:\/\/www.youtube.com\/@restaurantcalganxo9257"]}]}},"_links":{"self":[{"href":"https:\/\/www.calganxo.com\/es\/wp-json\/wp\/v2\/pages\/785","targetHints":{"allow":["GET"]}}],"collection":[{"href":"https:\/\/www.calganxo.com\/es\/wp-json\/wp\/v2\/pages"}],"about":[{"href":"https:\/\/www.calganxo.com\/es\/wp-json\/wp\/v2\/types\/page"}],"author":[{"embeddable":true,"href":"https:\/\/www.calganxo.com\/es\/wp-json\/wp\/v2\/users\/1"}],"replies":[{"embeddable":true,"href":"https:\/\/www.calganxo.com\/es\/wp-json\/wp\/v2\/comments?post=785"}],"version-history":[{"count":2,"href":"https:\/\/www.calganxo.com\/es\/wp-json\/wp\/v2\/pages\/785\/revisions"}],"predecessor-version":[{"id":846,"href":"https:\/\/www.calganxo.com\/es\/wp-json\/wp\/v2\/pages\/785\/revisions\/846"}],"wp:attachment":[{"href":"https:\/\/www.calganxo.com\/es\/wp-json\/wp\/v2\/media?parent=785"}],"curies":[{"name":"wp","href":"https:\/\/api.w.org\/{rel}","templated":true}]}}