{"id":783,"date":"2023-11-23T13:50:29","date_gmt":"2023-11-23T12:50:29","guid":{"rendered":"https:\/\/www.calganxo.com\/avis-legal-i-politica-de-privacitat\/"},"modified":"2024-01-24T12:21:30","modified_gmt":"2024-01-24T11:21:30","slug":"aviso-legal-y-politica-de-privacidad","status":"publish","type":"page","link":"https:\/\/www.calganxo.com\/es\/aviso-legal-y-politica-de-privacidad\/","title":{"rendered":"Aviso legal y pol\u00edtica de privacidad"},"content":{"rendered":"\n<p>INFORMACI\u00d3N LEGAL LSSIICE<\/p>\n\n\n\n<p>De acuerdo con las obligaciones previstas en la Ley 34\/2002, de Servicios de la Sociedad de la Informaci\u00f3n y de Comercio Electr\u00f3nico (en adelante LSSIICE),\u00a0<strong>Cal Ganxo<\/strong>\u00a0con <strong>CIF B43233105 <\/strong>y domicilio en <strong>Carrer de la Font F, 14<\/strong>, 43813 <strong>Masmolets<\/strong> (<strong>Valls<\/strong>), Tarragona, y correo electr\u00f3nico <strong>restaurant@calganxo.com<\/strong>, manifesta que son de su propiedad:<br>\u2013 el dominio web\u00a0<strong>www.calganxo.com<\/strong><br>\u2013 los perfiles y p\u00e1gina en las siguientes redes sociales:<br>Instagram:<strong> <a href=\"https:\/\/www.instagram.com\/calganxorestaurant\">https:\/\/www.instagram.com\/calganxorestaurant<\/a><\/strong>\/<br>Facebook: <a href=\"https:\/\/www.facebook.com\/restaurantcalganxo\"><strong>https:\/\/www.facebook.com\/restaurantcalganxo<\/strong><\/a><\/p>\n\n\n\n<p><strong>Cal Ganxo<\/strong>\u00a0no puede asumir responsabilidad alguna derivada del uso incorrecto, inadecuado o il\u00edcito de la informaci\u00f3n aparecida en sus p\u00e1ginas de Internet o presencia online en las diversas redes sociales. Con los l\u00edmites establecidos en la ley,\u00a0<strong>Cal Ganxo<\/strong>\u00a0no asume ninguna responsabilidad derivada de la falta de veracidad, integridad, actualizaci\u00f3n y precisi\u00f3n de los datos o informaciones que se contienen en sus medios online.<\/p>\n\n\n\n<p>Los contenidos e informaci\u00f3n de las p\u00e1ginas de Internet y redes sociales de <strong>Cal Ganxo<\/strong> est\u00e1n elaboradas por profesionales debidamente cualificados para el ejercicio de su profesi\u00f3n. Sin embargo, los contenidos e informaci\u00f3n no vinculan a la citada corporaci\u00f3n ni constituyen opiniones, consejos o asesoramiento legal de ning\u00fan tipo, pues se trata meramente de un servicio ofrecido con car\u00e1cter informativo y divulgativo.<\/p>\n\n\n\n<p>Las p\u00e1ginas de Internet o redes sociales de <strong>Cal Ganxo<\/strong> pueden contener enlaces (links) a otras p\u00e1ginas de terceras partes. Por tanto, \u00e9sta no puede asumir responsabilidades por el contenido que pueda aparecer en p\u00e1ginas de terceros. Los textos, im\u00e1genes, sonidos, animaciones, software y el resto de contenidos incluidos en este website son propiedad exclusiva de <strong>Cal Ganxo<\/strong> o sus licenciantes. Cualquier acto de transmisi\u00f3n, distribuci\u00f3n, cesi\u00f3n, reproducci\u00f3n, almacenamiento o comunicaci\u00f3n p\u00fablica total o parcial, debe contar con el consentimiento expreso de <strong>Cal Ganxo<\/strong>.<\/p>\n\n\n\n<p>De la misma manera se reserva el derecho a retirar el acceso al Portal, sin necesidad de previo aviso, a cualquier usuario que contravenga lo establecido en este av\u00edso legal.<\/p>\n\n\n\n<p><strong>REDES SOCIALES<\/strong><br>El usuario deber\u00e1 disponer de su perfil en estas redes sociales para poder interactuar con <strong>Cal Ganxo<\/strong> y que acepte la relaci\u00f3n con nuestra red social. Si as\u00ed se realiza,\u00a0<strong>Cal Ganxo<\/strong>\u00a0tendr\u00e1 acceso al perfil del usuario de acuerdo con los par\u00e1metros estipulados por la propia red social y podr\u00e1 interactuar con \u00e9l con el env\u00edo de mensajes, publicaciones, participaci\u00f3n en concursos y sorteos. Si el usuario no desea que <strong>Cal Ganxo<\/strong> pueda acceder a su perfil o interrelacionarse con \u00e9l deber\u00e1 desvincularse del perfil dejando de seguir o eliminar como amistad, seguidor o usuario.<\/p>\n\n\n\n<p>Las actuaciones que realice\u00a0<strong>Cal Ganxo<\/strong>\u00a0podr\u00e1n tener car\u00e1cter informativo y\/o publicitario de sus servicios o productos, considerando que la red social es un medio publicitario, bajo la responsabilidad de\u00a0<strong>Cal Ganxo<\/strong>\u00a0en cuanto a las publicaciones y comunicaciones que realizan por estos medios online.<\/p>\n\n\n\n<p>La participaci\u00f3n de los usuarios en concursos, promociones o sorteos implicar\u00e1 que el usuario acepta las bases legales de este concurso, promoci\u00f3n o sorteo que ser\u00e1n publicadas en la red social de referencia en el momento oportuno, y con su participaci\u00f3n, implicar\u00e1 que usuario ha aceptado las mismas.<\/p>\n\n\n\n<p>Se recuerda a los usuarios que las publicaciones que realicen en las redes sociales ser\u00e1 bajo su responsabilidad y ser\u00e1 necesario que respeten la legislaci\u00f3n y los derechos de terceros que puedan afectarse, con especial relevancia los derechos de propiedad intelectual, de protecci\u00f3n de datos y de la propia imagen de terceros, as\u00ed como las normas de las propias redes sociales que constan en los siguientes links:<br>Facebook:\u00a0<strong>https:\/\/www.facebook.com\/legal\/terms<\/strong><br>Instagram :\u00a0<strong>https:\/\/help.instagram.com\/<\/strong><br>Twitter:\u00a0<strong>https:\/\/twitter.com\/es\/tos\/<\/strong><br>Youtube:\u00a0<strong>https:\/\/policies.google.com\/privacy<\/strong><\/p>\n\n\n\n<p><strong>PROTECCI\u00d3N DE DATOS PERSONALES<\/strong><\/p>\n\n\n\n<p>En virtud de la normativa de protecci\u00f3n de datos de car\u00e1cter personal, por la presente autoriza a que los datos personales facilitados en los medios online sean incorporados y tratados en los ficheros responsabilidad de <strong>Cal Ganxo<\/strong> con <strong>CIF B43233105 <\/strong>y domicilio en la calle <strong>de la Font F, 14, 43813 Masmolets<\/strong> (<strong>Valls<\/strong>), <strong>Tarragona<\/strong>:<\/p>\n\n\n\n<p>-Si estos datos son facilitados en los formularios de contacto, estos datos ser\u00e1n incorporados en el fichero de Contactos, responsabilidad de dicha entidad, con el fin de poder atender su petici\u00f3n o consulta. Estos datos no ser\u00e1n transmitidos a terceras personas y ser\u00e1n conservados hasta que se d\u00e9 la respuesta a su consulta. <\/p>\n\n\n\n<p>-Si son tratadas en nuestras redes sociales, de acuerdo con lo detallado anteriormente, \u00e9stas ser\u00e1n incorporadas en el fichero de Redes sociales y Marketing responsabilidad de esta entidad, con el fin de gestionar aquella informaci\u00f3n y datos obtenidos de la interactuaci\u00f3n de los usuarios de estas redes con los perfiles\/p\u00e1gina de la entidad. Estos datos ser\u00e1n conservados siempre que se mantenga el inter\u00e9s leg\u00edtimo que permiti\u00f3 su tratamiento.<\/p>\n\n\n\n<p>En cualquier caso, podr\u00e1 indicar la revocaci\u00f3n del consentimiento otorgado, si \u00e9sta fue la base que legitim\u00f3 el tratamiento o ejercitar los derechos previstos: <\/p>\n\n\n\n<p>\u2013 De acceso: El interesado tiene derecho a saber si el responsable del tratamiento trata datos personales suyos y, si es as\u00ed, tiene derecho a acceder a estos datos ya obtener la informaci\u00f3n al respecto de los tratamientos realizados. <\/p>\n\n\n\n<p>\u2013 Rectificaci\u00f3n: Est\u00e1 vinculado al car\u00e1cter inexacto o incompleto de los datos. El interesado tiene derecho a rectificar sus datos personales inexactos y que se completen sus datos personales incompletos. <\/p>\n\n\n\n<p>\u2013 Supresi\u00f3n: El interesado tiene derecho a obtener la supresi\u00f3n de sus datos personales (\u201cderecho al olvido\u201d), cuando \u00e9stos ya no son necesarios para la finalidad para la que se recogieron, se revoca el consentimiento en el que se basaba el tratamiento, el interesado se opone al tratamiento, los datos se han tratado il\u00edcitamente, deben suprimirse para cumplir una obligaci\u00f3n legal o se han obtenido en relaci\u00f3n con la oferta de servicios de la sociedad de la informaci\u00f3n dirigida a menores. <\/p>\n\n\n\n<p>\u2013 Limitaci\u00f3n del tratamiento: Es un derecho de la persona interesada consistente en marcar sus datos de car\u00e1cter personal conservados, con el fin de limitar su tratamiento en el futuro. La limitaci\u00f3n del tratamiento supone que, a petici\u00f3n de la persona interesada, sus datos personales se dejen de tratar.<\/p>\n\n\n\n<p>\u2013 Oposici\u00f3n: el interesado tiene derecho a oponerse al tratamiento de sus datos cuando se basa en algunos supuestos concretos y se invoca un motivo relacionado con su situaci\u00f3n personal. <\/p>\n\n\n\n<p>\u2013 Portabilidad de los datos. El interesado tiene derecho a recibir los datos personales que ha facilitado a un responsable del tratamiento en un formato estructurado, de uso com\u00fan y de lectura mec\u00e1nica, si se basa en el consentimiento o en un contrato o cuando el tratamiento se realiza por medios automatizados. <\/p>\n\n\n\n<p>\u2013 No ser objeto de decisiones individuales automatizadas: El interesado tiene derecho a no ser objeto de una decisi\u00f3n basada s\u00f3lo en el tratamiento automatizado de sus datos, incluida la elaboraci\u00f3n de perfiles, que produzca efectos jur\u00eddicos en \u00e9l o le afecte negativamente. <\/p>\n\n\n\n<p>Estas peticiones tendr\u00e1n que hacerse en la calle <strong>de la Font F, 14, 43813 Masmolets<\/strong> (<strong>Valls<\/strong>), <strong>Tarragona<\/strong> o en <strong>restaurant@calganxo.com<\/strong>. Asimismo, tambi\u00e9n podr\u00e1 presentar una reclamaci\u00f3n ante la Autoritat Catalana de Protecci\u00f3 de Dades o ponerse en contacto con el Delegado de Protecci\u00f3n de Datos en: <strong>restaurant@calganxo.com<\/strong>.<\/p>\n\n\n\n<p><strong>PROPIEDAD INDUSTRIAL E INTELECTUAL<\/strong><\/p>\n\n\n\n<p>Esta web es propiedad de <strong>Cal Ganxo<\/strong>. Los derechos de Propiedad Intelectual y derechos de explotaci\u00f3n y reproducci\u00f3n de esta web, de sus p\u00e1ginas, de su presencia en redes sociales, pantallas, la informaci\u00f3n que contienen, su apariencia y dise\u00f1o, as\u00ed como los v\u00ednculos ( hiperlinks) que se establezcan desde ella a otras p\u00e1ginas web de cualquier centro adscritos u organismo dependiente, son propiedad exclusiva de la misma, salvo que expresamente se especifique otra cosa. <\/p>\n\n\n\n<p>Cualquier denominaci\u00f3n, dise\u00f1o y\/o logotipo, as\u00ed como cualquier producto o servicio ofrecidos y reflejados en esta p\u00e1gina web, son marcas debidamente registradas por <strong>Cal Ganxo<\/strong> por sus sociedades filiales y\/o dominadas o por terceros.<\/p>\n\n\n\n<p>Los derechos de propiedad intelectual y marcas de terceros est\u00e1n destacados convenientemente y deben ser respetados por todo aquel que acceda a esta p\u00e1gina, no siendo responsabilidad de <strong>Cal Ganxo<\/strong> el uso que el usuario pueda llevar a cabo al respecto, recayendo la responsabilidad exclusiva en su persona. <\/p>\n\n\n\n<p>S\u00f3lo para uso personal y privado se permite descargar los contenidos, copiar o imprimir cualquier p\u00e1gina de esta web y redes sociales. Queda prohibido reproducir, transmitir, modificar o suprimir la informaci\u00f3n, contenido o advertencias de esta web sin la previa autorizaci\u00f3n por escrito de <strong>Cal Ganxo<\/strong>. <\/p>\n\n\n\n<p><strong>Cal Ganxo<\/strong>\u00a0no transfiere a los usuarios la propiedad de su software. El usuario es el propietario del soporte en el que el software es grabado. <\/p>\n\n\n\n<p><strong>Cal Ganxo<\/strong>\u00a0posee todos los derechos de propiedad industrial e intelectual, incluyendo el software. Si el usuario transfiere software de este website a su terminal, no podr\u00e1 diseccionar por su estudio y descompilarlo, traducir la versi\u00f3n del c\u00f3digo objeto original o su lenguaje a otro c\u00f3digo o lenguaje.<\/p>\n\n\n\n<p>Las presentes condiciones generales se rigen por la Legislaci\u00f3n espa\u00f1ola, siendo competentes los Juzgados y Tribunales espa\u00f1oles para conocer de cuantas cuestiones se susciten sobre la interpretaci\u00f3n, aplicaci\u00f3n y cumplimiento de las mismas. El usuario, en virtud de su aceptaci\u00f3n a las condiciones generales recogidas en este aviso legal y siempre que esta sumisi\u00f3n sea posible, renuncia expresamente a cualquier fuero que, por aplicaci\u00f3n de la Ley de Enjuiciamiento Civil vigente pudiera corresponderle.<\/p>\n","protected":false},"excerpt":{"rendered":"<p>INFORMACI\u00d3N LEGAL LSSIICE De acuerdo con las obligaciones previstas en la Ley 34\/2002, de Servicios de la Sociedad de la Informaci\u00f3n y de Comercio Electr\u00f3nico (en adelante LSSIICE),\u00a0Cal Ganxo\u00a0con CIF B43233105 y domicilio en Carrer de la Font F, 14, 43813 Masmolets (Valls), Tarragona, y correo electr\u00f3nico restaurant@calganxo.com, manifesta que son de su propiedad:\u2013 el [&hellip;]<\/p>\n","protected":false},"author":1,"featured_media":0,"parent":0,"menu_order":0,"comment_status":"closed","ping_status":"open","template":"","meta":{"ocean_post_layout":"","ocean_both_sidebars_style":"","ocean_both_sidebars_content_width":0,"ocean_both_sidebars_sidebars_width":0,"ocean_sidebar":"","ocean_second_sidebar":"","ocean_disable_margins":"enable","ocean_add_body_class":"","ocean_shortcode_before_top_bar":"","ocean_shortcode_after_top_bar":"","ocean_shortcode_before_header":"","ocean_shortcode_after_header":"","ocean_has_shortcode":"","ocean_shortcode_after_title":"","ocean_shortcode_before_footer_widgets":"","ocean_shortcode_after_footer_widgets":"","ocean_shortcode_before_footer_bottom":"","ocean_shortcode_after_footer_bottom":"","ocean_display_top_bar":"default","ocean_display_header":"default","ocean_header_style":"","ocean_center_header_left_menu":"","ocean_custom_header_template":"","ocean_custom_logo":0,"ocean_custom_retina_logo":0,"ocean_custom_logo_max_width":0,"ocean_custom_logo_tablet_max_width":0,"ocean_custom_logo_mobile_max_width":0,"ocean_custom_logo_max_height":0,"ocean_custom_logo_tablet_max_height":0,"ocean_custom_logo_mobile_max_height":0,"ocean_header_custom_menu":"","ocean_menu_typo_font_family":"","ocean_menu_typo_font_subset":"","ocean_menu_typo_font_size":0,"ocean_menu_typo_font_size_tablet":0,"ocean_menu_typo_font_size_mobile":0,"ocean_menu_typo_font_size_unit":"px","ocean_menu_typo_font_weight":"","ocean_menu_typo_font_weight_tablet":"","ocean_menu_typo_font_weight_mobile":"","ocean_menu_typo_transform":"","ocean_menu_typo_transform_tablet":"","ocean_menu_typo_transform_mobile":"","ocean_menu_typo_line_height":0,"ocean_menu_typo_line_height_tablet":0,"ocean_menu_typo_line_height_mobile":0,"ocean_menu_typo_line_height_unit":"","ocean_menu_typo_spacing":0,"ocean_menu_typo_spacing_tablet":0,"ocean_menu_typo_spacing_mobile":0,"ocean_menu_typo_spacing_unit":"","ocean_menu_link_color":"","ocean_menu_link_color_hover":"","ocean_menu_link_color_active":"","ocean_menu_link_background":"","ocean_menu_link_hover_background":"","ocean_menu_link_active_background":"","ocean_menu_social_links_bg":"","ocean_menu_social_hover_links_bg":"","ocean_menu_social_links_color":"","ocean_menu_social_hover_links_color":"","ocean_disable_title":"default","ocean_disable_heading":"default","ocean_post_title":"","ocean_post_subheading":"","ocean_post_title_style":"","ocean_post_title_background_color":"","ocean_post_title_background":0,"ocean_post_title_bg_image_position":"","ocean_post_title_bg_image_attachment":"","ocean_post_title_bg_image_repeat":"","ocean_post_title_bg_image_size":"","ocean_post_title_height":0,"ocean_post_title_bg_overlay":0.5,"ocean_post_title_bg_overlay_color":"","ocean_disable_breadcrumbs":"default","ocean_breadcrumbs_color":"","ocean_breadcrumbs_separator_color":"","ocean_breadcrumbs_links_color":"","ocean_breadcrumbs_links_hover_color":"","ocean_display_footer_widgets":"default","ocean_display_footer_bottom":"default","ocean_custom_footer_template":"","footnotes":""},"class_list":["post-783","page","type-page","status-publish","hentry","entry"],"yoast_head":"<!-- This site is optimized with the Yoast SEO plugin v27.5 - https:\/\/yoast.com\/product\/yoast-seo-wordpress\/ -->\n<title>Aviso legal y pol\u00edtica de privacidad - Cal Ganxo Restaurant<\/title>\n<meta name=\"robots\" content=\"index, follow, max-snippet:-1, max-image-preview:large, max-video-preview:-1\" \/>\n<link rel=\"canonical\" href=\"https:\/\/www.calganxo.com\/es\/aviso-legal-y-politica-de-privacidad\/\" \/>\n<meta property=\"og:locale\" content=\"es_ES\" \/>\n<meta property=\"og:type\" content=\"article\" \/>\n<meta property=\"og:title\" content=\"Aviso legal y pol\u00edtica de privacidad - Cal Ganxo Restaurant\" \/>\n<meta property=\"og:description\" content=\"INFORMACI\u00d3N LEGAL LSSIICE De acuerdo con las obligaciones previstas en la Ley 34\/2002, de Servicios de la Sociedad de la Informaci\u00f3n y de Comercio Electr\u00f3nico (en adelante LSSIICE),\u00a0Cal Ganxo\u00a0con CIF B43233105 y domicilio en Carrer de la Font F, 14, 43813 Masmolets (Valls), Tarragona, y correo electr\u00f3nico restaurant@calganxo.com, manifesta que son de su propiedad:\u2013 el [&hellip;]\" \/>\n<meta property=\"og:url\" content=\"https:\/\/www.calganxo.com\/es\/aviso-legal-y-politica-de-privacidad\/\" \/>\n<meta property=\"og:site_name\" content=\"Cal Ganxo Restaurant\" \/>\n<meta property=\"article:publisher\" content=\"https:\/\/www.facebook.com\/restaurantcalganxo\" \/>\n<meta property=\"article:modified_time\" content=\"2024-01-24T11:21:30+00:00\" \/>\n<meta name=\"twitter:card\" content=\"summary_large_image\" \/>\n<meta name=\"twitter:label1\" content=\"Tiempo de lectura\" \/>\n\t<meta name=\"twitter:data1\" content=\"9 minutos\" \/>\n<script type=\"application\/ld+json\" class=\"yoast-schema-graph\">{\"@context\":\"https:\\\/\\\/schema.org\",\"@graph\":[{\"@type\":\"WebPage\",\"@id\":\"https:\\\/\\\/www.calganxo.com\\\/es\\\/aviso-legal-y-politica-de-privacidad\\\/\",\"url\":\"https:\\\/\\\/www.calganxo.com\\\/es\\\/aviso-legal-y-politica-de-privacidad\\\/\",\"name\":\"Aviso legal y pol\u00edtica de privacidad - Cal Ganxo Restaurant\",\"isPartOf\":{\"@id\":\"https:\\\/\\\/www.calganxo.com\\\/es\\\/#website\"},\"datePublished\":\"2023-11-23T12:50:29+00:00\",\"dateModified\":\"2024-01-24T11:21:30+00:00\",\"breadcrumb\":{\"@id\":\"https:\\\/\\\/www.calganxo.com\\\/es\\\/aviso-legal-y-politica-de-privacidad\\\/#breadcrumb\"},\"inLanguage\":\"es\",\"potentialAction\":[{\"@type\":\"ReadAction\",\"target\":[\"https:\\\/\\\/www.calganxo.com\\\/es\\\/aviso-legal-y-politica-de-privacidad\\\/\"]}]},{\"@type\":\"BreadcrumbList\",\"@id\":\"https:\\\/\\\/www.calganxo.com\\\/es\\\/aviso-legal-y-politica-de-privacidad\\\/#breadcrumb\",\"itemListElement\":[{\"@type\":\"ListItem\",\"position\":1,\"name\":\"Inici\",\"item\":\"https:\\\/\\\/www.calganxo.com\\\/es\\\/\"},{\"@type\":\"ListItem\",\"position\":2,\"name\":\"Aviso legal y pol\u00edtica de privacidad\"}]},{\"@type\":\"WebSite\",\"@id\":\"https:\\\/\\\/www.calganxo.com\\\/es\\\/#website\",\"url\":\"https:\\\/\\\/www.calganxo.com\\\/es\\\/\",\"name\":\"Restaurant Cal Ganxo\",\"description\":\"Restaurant Cal Ganxo, les millors cal\u00e7otades\",\"publisher\":{\"@id\":\"https:\\\/\\\/www.calganxo.com\\\/es\\\/#organization\"},\"potentialAction\":[{\"@type\":\"SearchAction\",\"target\":{\"@type\":\"EntryPoint\",\"urlTemplate\":\"https:\\\/\\\/www.calganxo.com\\\/es\\\/?s={search_term_string}\"},\"query-input\":{\"@type\":\"PropertyValueSpecification\",\"valueRequired\":true,\"valueName\":\"search_term_string\"}}],\"inLanguage\":\"es\"},{\"@type\":\"Organization\",\"@id\":\"https:\\\/\\\/www.calganxo.com\\\/es\\\/#organization\",\"name\":\"Restaurant Cal Ganxo\",\"url\":\"https:\\\/\\\/www.calganxo.com\\\/es\\\/\",\"logo\":{\"@type\":\"ImageObject\",\"inLanguage\":\"es\",\"@id\":\"https:\\\/\\\/www.calganxo.com\\\/es\\\/#\\\/schema\\\/logo\\\/image\\\/\",\"url\":\"https:\\\/\\\/www.calganxo.com\\\/wp-content\\\/uploads\\\/2023\\\/12\\\/restaurant-cal-ganxo-2x.png\",\"contentUrl\":\"https:\\\/\\\/www.calganxo.com\\\/wp-content\\\/uploads\\\/2023\\\/12\\\/restaurant-cal-ganxo-2x.png\",\"width\":715,\"height\":600,\"caption\":\"Restaurant Cal Ganxo\"},\"image\":{\"@id\":\"https:\\\/\\\/www.calganxo.com\\\/es\\\/#\\\/schema\\\/logo\\\/image\\\/\"},\"sameAs\":[\"https:\\\/\\\/www.facebook.com\\\/restaurantcalganxo\",\"https:\\\/\\\/www.instagram.com\\\/calganxorestaurant\\\/\",\"https:\\\/\\\/www.youtube.com\\\/@restaurantcalganxo9257\"]}]}<\/script>\n<!-- \/ Yoast SEO plugin. -->","yoast_head_json":{"title":"Aviso legal y pol\u00edtica de privacidad - Cal Ganxo Restaurant","robots":{"index":"index","follow":"follow","max-snippet":"max-snippet:-1","max-image-preview":"max-image-preview:large","max-video-preview":"max-video-preview:-1"},"canonical":"https:\/\/www.calganxo.com\/es\/aviso-legal-y-politica-de-privacidad\/","og_locale":"es_ES","og_type":"article","og_title":"Aviso legal y pol\u00edtica de privacidad - Cal Ganxo Restaurant","og_description":"INFORMACI\u00d3N LEGAL LSSIICE De acuerdo con las obligaciones previstas en la Ley 34\/2002, de Servicios de la Sociedad de la Informaci\u00f3n y de Comercio Electr\u00f3nico (en adelante LSSIICE),\u00a0Cal Ganxo\u00a0con CIF B43233105 y domicilio en Carrer de la Font F, 14, 43813 Masmolets (Valls), Tarragona, y correo electr\u00f3nico restaurant@calganxo.com, manifesta que son de su propiedad:\u2013 el [&hellip;]","og_url":"https:\/\/www.calganxo.com\/es\/aviso-legal-y-politica-de-privacidad\/","og_site_name":"Cal Ganxo Restaurant","article_publisher":"https:\/\/www.facebook.com\/restaurantcalganxo","article_modified_time":"2024-01-24T11:21:30+00:00","twitter_card":"summary_large_image","twitter_misc":{"Tiempo de lectura":"9 minutos"},"schema":{"@context":"https:\/\/schema.org","@graph":[{"@type":"WebPage","@id":"https:\/\/www.calganxo.com\/es\/aviso-legal-y-politica-de-privacidad\/","url":"https:\/\/www.calganxo.com\/es\/aviso-legal-y-politica-de-privacidad\/","name":"Aviso legal y pol\u00edtica de privacidad - Cal Ganxo Restaurant","isPartOf":{"@id":"https:\/\/www.calganxo.com\/es\/#website"},"datePublished":"2023-11-23T12:50:29+00:00","dateModified":"2024-01-24T11:21:30+00:00","breadcrumb":{"@id":"https:\/\/www.calganxo.com\/es\/aviso-legal-y-politica-de-privacidad\/#breadcrumb"},"inLanguage":"es","potentialAction":[{"@type":"ReadAction","target":["https:\/\/www.calganxo.com\/es\/aviso-legal-y-politica-de-privacidad\/"]}]},{"@type":"BreadcrumbList","@id":"https:\/\/www.calganxo.com\/es\/aviso-legal-y-politica-de-privacidad\/#breadcrumb","itemListElement":[{"@type":"ListItem","position":1,"name":"Inici","item":"https:\/\/www.calganxo.com\/es\/"},{"@type":"ListItem","position":2,"name":"Aviso legal y pol\u00edtica de privacidad"}]},{"@type":"WebSite","@id":"https:\/\/www.calganxo.com\/es\/#website","url":"https:\/\/www.calganxo.com\/es\/","name":"Restaurant Cal Ganxo","description":"Restaurant Cal Ganxo, les millors cal\u00e7otades","publisher":{"@id":"https:\/\/www.calganxo.com\/es\/#organization"},"potentialAction":[{"@type":"SearchAction","target":{"@type":"EntryPoint","urlTemplate":"https:\/\/www.calganxo.com\/es\/?s={search_term_string}"},"query-input":{"@type":"PropertyValueSpecification","valueRequired":true,"valueName":"search_term_string"}}],"inLanguage":"es"},{"@type":"Organization","@id":"https:\/\/www.calganxo.com\/es\/#organization","name":"Restaurant Cal Ganxo","url":"https:\/\/www.calganxo.com\/es\/","logo":{"@type":"ImageObject","inLanguage":"es","@id":"https:\/\/www.calganxo.com\/es\/#\/schema\/logo\/image\/","url":"https:\/\/www.calganxo.com\/wp-content\/uploads\/2023\/12\/restaurant-cal-ganxo-2x.png","contentUrl":"https:\/\/www.calganxo.com\/wp-content\/uploads\/2023\/12\/restaurant-cal-ganxo-2x.png","width":715,"height":600,"caption":"Restaurant Cal Ganxo"},"image":{"@id":"https:\/\/www.calganxo.com\/es\/#\/schema\/logo\/image\/"},"sameAs":["https:\/\/www.facebook.com\/restaurantcalganxo","https:\/\/www.instagram.com\/calganxorestaurant\/","https:\/\/www.youtube.com\/@restaurantcalganxo9257"]}]}},"_links":{"self":[{"href":"https:\/\/www.calganxo.com\/es\/wp-json\/wp\/v2\/pages\/783","targetHints":{"allow":["GET"]}}],"collection":[{"href":"https:\/\/www.calganxo.com\/es\/wp-json\/wp\/v2\/pages"}],"about":[{"href":"https:\/\/www.calganxo.com\/es\/wp-json\/wp\/v2\/types\/page"}],"author":[{"embeddable":true,"href":"https:\/\/www.calganxo.com\/es\/wp-json\/wp\/v2\/users\/1"}],"replies":[{"embeddable":true,"href":"https:\/\/www.calganxo.com\/es\/wp-json\/wp\/v2\/comments?post=783"}],"version-history":[{"count":1,"href":"https:\/\/www.calganxo.com\/es\/wp-json\/wp\/v2\/pages\/783\/revisions"}],"predecessor-version":[{"id":809,"href":"https:\/\/www.calganxo.com\/es\/wp-json\/wp\/v2\/pages\/783\/revisions\/809"}],"wp:attachment":[{"href":"https:\/\/www.calganxo.com\/es\/wp-json\/wp\/v2\/media?parent=783"}],"curies":[{"name":"wp","href":"https:\/\/api.w.org\/{rel}","templated":true}]}}