{"id":803,"date":"2023-12-06T10:07:57","date_gmt":"2023-12-06T09:07:57","guid":{"rendered":"https:\/\/www.calganxo.com\/calcotada\/"},"modified":"2024-01-25T12:07:57","modified_gmt":"2024-01-25T11:07:57","slug":"calcotada","status":"publish","type":"page","link":"https:\/\/www.calganxo.com\/en\/calcotada\/","title":{"rendered":"Cal Ganxo&#8217;s cal\u00e7otada"},"content":{"rendered":"\t\t<div data-elementor-type=\"wp-page\" data-elementor-id=\"803\" class=\"elementor elementor-803 elementor-136\">\n\t\t\t\t<div class=\"elementor-element elementor-element-61543038 e-flex e-con-boxed e-con e-parent\" data-id=\"61543038\" data-element_type=\"container\" data-e-type=\"container\">\n\t\t\t\t\t<div class=\"e-con-inner\">\n\t\t\t\t<div class=\"elementor-element elementor-element-15265231 elementor-widget elementor-widget-image\" data-id=\"15265231\" data-element_type=\"widget\" data-e-type=\"widget\" data-widget_type=\"image.default\">\n\t\t\t\t<div class=\"elementor-widget-container\">\n\t\t\t\t\t\t\t\t\t\t\t\t\t\t\t<img fetchpriority=\"high\" decoding=\"async\" width=\"2560\" height=\"1440\" src=\"https:\/\/www.calganxo.com\/wp-content\/uploads\/2024\/01\/SECOND-SHOOTING-0022-scaled.jpg\" class=\"attachment-full size-full wp-image-768\" alt=\"\" srcset=\"https:\/\/www.calganxo.com\/wp-content\/uploads\/2024\/01\/SECOND-SHOOTING-0022-scaled.jpg 2560w, https:\/\/www.calganxo.com\/wp-content\/uploads\/2024\/01\/SECOND-SHOOTING-0022-300x169.jpg 300w, https:\/\/www.calganxo.com\/wp-content\/uploads\/2024\/01\/SECOND-SHOOTING-0022-1024x576.jpg 1024w, https:\/\/www.calganxo.com\/wp-content\/uploads\/2024\/01\/SECOND-SHOOTING-0022-768x432.jpg 768w, https:\/\/www.calganxo.com\/wp-content\/uploads\/2024\/01\/SECOND-SHOOTING-0022-1536x864.jpg 1536w, https:\/\/www.calganxo.com\/wp-content\/uploads\/2024\/01\/SECOND-SHOOTING-0022-2048x1152.jpg 2048w, https:\/\/www.calganxo.com\/wp-content\/uploads\/2024\/01\/SECOND-SHOOTING-0022-800x450.jpg 800w\" sizes=\"(max-width: 2560px) 100vw, 2560px\" \/>\t\t\t\t\t\t\t\t\t\t\t\t\t\t\t<\/div>\n\t\t\t\t<\/div>\n\t\t\t\t\t<\/div>\n\t\t\t\t<\/div>\n\t\t<div class=\"elementor-element elementor-element-41f1a87f e-flex e-con-boxed e-con e-parent\" data-id=\"41f1a87f\" data-element_type=\"container\" data-e-type=\"container\">\n\t\t\t\t\t<div class=\"e-con-inner\">\n\t\t\t\t<div class=\"elementor-element elementor-element-22de009f elementor-widget elementor-widget-heading\" data-id=\"22de009f\" data-element_type=\"widget\" data-e-type=\"widget\" data-widget_type=\"heading.default\">\n\t\t\t\t<div class=\"elementor-widget-container\">\n\t\t\t\t\t<h1 class=\"elementor-heading-title elementor-size-xl\">Cal Ganxo's cal\u00e7otada, faithful to tradition<\/h1>\t\t\t\t<\/div>\n\t\t\t\t<\/div>\n\t\t\t\t<div class=\"elementor-element elementor-element-2219d53b elementor-widget elementor-widget-text-editor\" data-id=\"2219d53b\" data-element_type=\"widget\" data-e-type=\"widget\" data-widget_type=\"text-editor.default\">\n\t\t\t\t<div class=\"elementor-widget-container\">\n\t\t\t\t\t\t\t\t\t<p><strong>Cal Ganxo<\/strong> is the only restaurant in <strong>Valls<\/strong> and <strong>Catalunya<\/strong> that only serves cal\u00e7otada. Faithful to tradition, we offer an authentic gastronomic experience, where cal\u00e7ots are cooked over the flames made using vine shoots and served immediately, wrapped in newspapers and then onto roof tiles, the way it&#8217;s always been.&nbsp;<\/p><p>The cal\u00e7ots sauce, an original recipe by <strong>Granma Cisqueta de Cal Ganxo<\/strong>, is key in the success of this meal.&nbsp;<span style=\"font-size: 16px;\">Cal\u00e7ots are always followed by lamb, pork sausage and black botifarra (similar to black pudding) from <\/span><strong style=\"font-size: 16px;\">Valls<\/strong><span style=\"font-size: 16px;\">, served on a small grill with live embers, together with &#8220;ganxet&#8221; beans, artichokes and aioli.&nbsp;<\/span><\/p><p><span style=\"font-size: 16px;\">All this, with rustic bread, wine and &#8220;brut nature&#8221; cava. The sweetness of &#8220;crema catalana&#8221;, the freshness of the orange and the pleasant aroma of coffee are the perfect ending to a traditional menu with local and high-quality produce.<\/span><\/p>\t\t\t\t\t\t\t\t<\/div>\n\t\t\t\t<\/div>\n\t\t\t\t<div class=\"elementor-element elementor-element-6ec6756 elementor-align-center elementor-widget elementor-widget-button\" data-id=\"6ec6756\" data-element_type=\"widget\" data-e-type=\"widget\" data-widget_type=\"button.default\">\n\t\t\t\t<div class=\"elementor-widget-container\">\n\t\t\t\t\t\t\t\t\t<div class=\"elementor-button-wrapper\">\n\t\t\t\t\t<a class=\"elementor-button elementor-button-link elementor-size-sm\" href=\"https:\/\/www.calganxo.com\/en\/menu-calcotada\/\">\n\t\t\t\t\t\t<span class=\"elementor-button-content-wrapper\">\n\t\t\t\t\t\t\t\t\t<span class=\"elementor-button-text\">View the menu<\/span>\n\t\t\t\t\t<\/span>\n\t\t\t\t\t<\/a>\n\t\t\t\t<\/div>\n\t\t\t\t\t\t\t\t<\/div>\n\t\t\t\t<\/div>\n\t\t\t\t\t<\/div>\n\t\t\t\t<\/div>\n\t\t<div class=\"elementor-element elementor-element-64ee9737 e-flex e-con-boxed e-con e-parent\" data-id=\"64ee9737\" data-element_type=\"container\" data-e-type=\"container\">\n\t\t\t\t\t<div class=\"e-con-inner\">\n\t\t\t\t<div class=\"elementor-element elementor-element-1a2204a1 gallery-spacing-custom elementor-widget elementor-widget-image-gallery\" data-id=\"1a2204a1\" data-element_type=\"widget\" data-e-type=\"widget\" data-widget_type=\"image-gallery.default\">\n\t\t\t\t<div class=\"elementor-widget-container\">\n\t\t\t\t\t\t\t<div class=\"elementor-image-gallery\">\n\t\t\t<div id='gallery-1' class='gallery galleryid-803 gallery-columns-3 gallery-size-galeria-quadrada'><figure class='gallery-item'>\n\t\t\t<div class='gallery-icon landscape'>\n\t\t\t\t<a data-elementor-open-lightbox=\"yes\" data-elementor-lightbox-slideshow=\"1a2204a1\" data-elementor-lightbox-title=\"View More: http:\/\/pepsalvat.pass.us\/calganxo-photoshoot\" data-e-action-hash=\"#elementor-action%3Aaction%3Dlightbox%26settings%3DeyJpZCI6NzMyLCJ1cmwiOiJodHRwczpcL1wvd3d3LmNhbGdhbnhvLmNvbVwvd3AtY29udGVudFwvdXBsb2Fkc1wvMjAyM1wvMTJcL1NFQ09ORC1TSE9PVElORy0wMDA1LXNjYWxlZC5qcGciLCJzbGlkZXNob3ciOiIxYTIyMDRhMSJ9\" href='https:\/\/www.calganxo.com\/wp-content\/uploads\/2023\/12\/SECOND-SHOOTING-0005-scaled.jpg'><img decoding=\"async\" width=\"650\" height=\"650\" src=\"https:\/\/www.calganxo.com\/wp-content\/uploads\/2023\/12\/SECOND-SHOOTING-0005-650x650.jpg\" class=\"attachment-galeria-quadrada size-galeria-quadrada\" alt=\"\" srcset=\"https:\/\/www.calganxo.com\/wp-content\/uploads\/2023\/12\/SECOND-SHOOTING-0005-650x650.jpg 650w, https:\/\/www.calganxo.com\/wp-content\/uploads\/2023\/12\/SECOND-SHOOTING-0005-150x150.jpg 150w, https:\/\/www.calganxo.com\/wp-content\/uploads\/2023\/12\/SECOND-SHOOTING-0005-600x600.jpg 600w\" sizes=\"(max-width: 650px) 100vw, 650px\" \/><\/a>\n\t\t\t<\/div><\/figure><figure class='gallery-item'>\n\t\t\t<div class='gallery-icon landscape'>\n\t\t\t\t<a data-elementor-open-lightbox=\"yes\" data-elementor-lightbox-slideshow=\"1a2204a1\" data-elementor-lightbox-title=\"View More: http:\/\/pepsalvat.pass.us\/calganxo-photoshoot\" data-e-action-hash=\"#elementor-action%3Aaction%3Dlightbox%26settings%3DeyJpZCI6NzM0LCJ1cmwiOiJodHRwczpcL1wvd3d3LmNhbGdhbnhvLmNvbVwvd3AtY29udGVudFwvdXBsb2Fkc1wvMjAyM1wvMTJcL1NFQ09ORC1TSE9PVElORy0wMDIxLXNjYWxlZC5qcGciLCJzbGlkZXNob3ciOiIxYTIyMDRhMSJ9\" href='https:\/\/www.calganxo.com\/wp-content\/uploads\/2023\/12\/SECOND-SHOOTING-0021-scaled.jpg'><img decoding=\"async\" width=\"650\" height=\"650\" src=\"https:\/\/www.calganxo.com\/wp-content\/uploads\/2023\/12\/SECOND-SHOOTING-0021-650x650.jpg\" class=\"attachment-galeria-quadrada size-galeria-quadrada\" alt=\"\" srcset=\"https:\/\/www.calganxo.com\/wp-content\/uploads\/2023\/12\/SECOND-SHOOTING-0021-650x650.jpg 650w, https:\/\/www.calganxo.com\/wp-content\/uploads\/2023\/12\/SECOND-SHOOTING-0021-150x150.jpg 150w, https:\/\/www.calganxo.com\/wp-content\/uploads\/2023\/12\/SECOND-SHOOTING-0021-600x600.jpg 600w\" sizes=\"(max-width: 650px) 100vw, 650px\" \/><\/a>\n\t\t\t<\/div><\/figure><figure class='gallery-item'>\n\t\t\t<div class='gallery-icon landscape'>\n\t\t\t\t<a data-elementor-open-lightbox=\"yes\" data-elementor-lightbox-slideshow=\"1a2204a1\" data-elementor-lightbox-title=\"View More: http:\/\/pepsalvat.pass.us\/calganxo-photoshoot\" data-e-action-hash=\"#elementor-action%3Aaction%3Dlightbox%26settings%3DeyJpZCI6NzM4LCJ1cmwiOiJodHRwczpcL1wvd3d3LmNhbGdhbnhvLmNvbVwvd3AtY29udGVudFwvdXBsb2Fkc1wvMjAyM1wvMTJcL1RISVJELVNIT09USU5HLTAxMDAtc2NhbGVkLmpwZyIsInNsaWRlc2hvdyI6IjFhMjIwNGExIn0%3D\" href='https:\/\/www.calganxo.com\/wp-content\/uploads\/2023\/12\/THIRD-SHOOTING-0100-scaled.jpg'><img loading=\"lazy\" decoding=\"async\" width=\"650\" height=\"650\" src=\"https:\/\/www.calganxo.com\/wp-content\/uploads\/2023\/12\/THIRD-SHOOTING-0100-650x650.jpg\" class=\"attachment-galeria-quadrada size-galeria-quadrada\" alt=\"\" srcset=\"https:\/\/www.calganxo.com\/wp-content\/uploads\/2023\/12\/THIRD-SHOOTING-0100-650x650.jpg 650w, https:\/\/www.calganxo.com\/wp-content\/uploads\/2023\/12\/THIRD-SHOOTING-0100-150x150.jpg 150w, https:\/\/www.calganxo.com\/wp-content\/uploads\/2023\/12\/THIRD-SHOOTING-0100-600x600.jpg 600w\" sizes=\"(max-width: 650px) 100vw, 650px\" \/><\/a>\n\t\t\t<\/div><\/figure><figure class='gallery-item'>\n\t\t\t<div class='gallery-icon landscape'>\n\t\t\t\t<a data-elementor-open-lightbox=\"yes\" data-elementor-lightbox-slideshow=\"1a2204a1\" data-elementor-lightbox-title=\"View More: http:\/\/pepsalvat.pass.us\/calganxo-photoshoot\" data-e-action-hash=\"#elementor-action%3Aaction%3Dlightbox%26settings%3DeyJpZCI6NzM2LCJ1cmwiOiJodHRwczpcL1wvd3d3LmNhbGdhbnhvLmNvbVwvd3AtY29udGVudFwvdXBsb2Fkc1wvMjAyM1wvMTJcL1RISVJELVNIT09USU5HLTAwNzAtc2NhbGVkLmpwZyIsInNsaWRlc2hvdyI6IjFhMjIwNGExIn0%3D\" href='https:\/\/www.calganxo.com\/wp-content\/uploads\/2023\/12\/THIRD-SHOOTING-0070-scaled.jpg'><img loading=\"lazy\" decoding=\"async\" width=\"650\" height=\"650\" src=\"https:\/\/www.calganxo.com\/wp-content\/uploads\/2023\/12\/THIRD-SHOOTING-0070-650x650.jpg\" class=\"attachment-galeria-quadrada size-galeria-quadrada\" alt=\"\" srcset=\"https:\/\/www.calganxo.com\/wp-content\/uploads\/2023\/12\/THIRD-SHOOTING-0070-650x650.jpg 650w, https:\/\/www.calganxo.com\/wp-content\/uploads\/2023\/12\/THIRD-SHOOTING-0070-150x150.jpg 150w, https:\/\/www.calganxo.com\/wp-content\/uploads\/2023\/12\/THIRD-SHOOTING-0070-600x600.jpg 600w\" sizes=\"(max-width: 650px) 100vw, 650px\" \/><\/a>\n\t\t\t<\/div><\/figure><figure class='gallery-item'>\n\t\t\t<div class='gallery-icon landscape'>\n\t\t\t\t<a data-elementor-open-lightbox=\"yes\" data-elementor-lightbox-slideshow=\"1a2204a1\" data-elementor-lightbox-title=\"View More: http:\/\/pepsalvat.pass.us\/calganxo-photoshoot\" data-e-action-hash=\"#elementor-action%3Aaction%3Dlightbox%26settings%3DeyJpZCI6NzQwLCJ1cmwiOiJodHRwczpcL1wvd3d3LmNhbGdhbnhvLmNvbVwvd3AtY29udGVudFwvdXBsb2Fkc1wvMjAyM1wvMTJcL1RISVJELVNIT09USU5HLTAxMTgtc2NhbGVkLmpwZyIsInNsaWRlc2hvdyI6IjFhMjIwNGExIn0%3D\" href='https:\/\/www.calganxo.com\/wp-content\/uploads\/2023\/12\/THIRD-SHOOTING-0118-scaled.jpg'><img loading=\"lazy\" decoding=\"async\" width=\"650\" height=\"650\" src=\"https:\/\/www.calganxo.com\/wp-content\/uploads\/2023\/12\/THIRD-SHOOTING-0118-650x650.jpg\" class=\"attachment-galeria-quadrada size-galeria-quadrada\" alt=\"\" srcset=\"https:\/\/www.calganxo.com\/wp-content\/uploads\/2023\/12\/THIRD-SHOOTING-0118-650x650.jpg 650w, https:\/\/www.calganxo.com\/wp-content\/uploads\/2023\/12\/THIRD-SHOOTING-0118-150x150.jpg 150w, https:\/\/www.calganxo.com\/wp-content\/uploads\/2023\/12\/THIRD-SHOOTING-0118-600x600.jpg 600w\" sizes=\"(max-width: 650px) 100vw, 650px\" \/><\/a>\n\t\t\t<\/div><\/figure><figure class='gallery-item'>\n\t\t\t<div class='gallery-icon landscape'>\n\t\t\t\t<a data-elementor-open-lightbox=\"yes\" data-elementor-lightbox-slideshow=\"1a2204a1\" data-elementor-lightbox-title=\"View More: http:\/\/pepsalvat.pass.us\/calganxo-photoshoot\" data-e-action-hash=\"#elementor-action%3Aaction%3Dlightbox%26settings%3DeyJpZCI6NzQyLCJ1cmwiOiJodHRwczpcL1wvd3d3LmNhbGdhbnhvLmNvbVwvd3AtY29udGVudFwvdXBsb2Fkc1wvMjAyM1wvMTJcL1RISVJELVNIT09USU5HLTAxMjMtc2NhbGVkLmpwZyIsInNsaWRlc2hvdyI6IjFhMjIwNGExIn0%3D\" href='https:\/\/www.calganxo.com\/wp-content\/uploads\/2023\/12\/THIRD-SHOOTING-0123-scaled.jpg'><img loading=\"lazy\" decoding=\"async\" width=\"650\" height=\"650\" src=\"https:\/\/www.calganxo.com\/wp-content\/uploads\/2023\/12\/THIRD-SHOOTING-0123-650x650.jpg\" class=\"attachment-galeria-quadrada size-galeria-quadrada\" alt=\"\" srcset=\"https:\/\/www.calganxo.com\/wp-content\/uploads\/2023\/12\/THIRD-SHOOTING-0123-650x650.jpg 650w, https:\/\/www.calganxo.com\/wp-content\/uploads\/2023\/12\/THIRD-SHOOTING-0123-150x150.jpg 150w, https:\/\/www.calganxo.com\/wp-content\/uploads\/2023\/12\/THIRD-SHOOTING-0123-600x600.jpg 600w\" sizes=\"(max-width: 650px) 100vw, 650px\" \/><\/a>\n\t\t\t<\/div><\/figure>\n\t\t<\/div>\n\t\t<\/div>\n\t\t\t\t\t\t<\/div>\n\t\t\t\t<\/div>\n\t\t\t\t\t<\/div>\n\t\t\t\t<\/div>\n\t\t\t\t<\/div>\n\t\t","protected":false},"excerpt":{"rendered":"<p>Cal Ganxo&#8217;s cal\u00e7otada, faithful to tradition Cal Ganxo is the only restaurant in Valls and Catalunya that only serves cal\u00e7otada. Faithful to tradition, we offer an authentic gastronomic experience, where cal\u00e7ots are cooked over the flames made using vine shoots and served immediately, wrapped in newspapers and then onto roof tiles, the way it&#8217;s always [&hellip;]<\/p>\n","protected":false},"author":1,"featured_media":0,"parent":0,"menu_order":0,"comment_status":"closed","ping_status":"closed","template":"","meta":{"ocean_post_layout":"full-screen","ocean_both_sidebars_style":"","ocean_both_sidebars_content_width":0,"ocean_both_sidebars_sidebars_width":0,"ocean_sidebar":"","ocean_second_sidebar":"","ocean_disable_margins":"enable","ocean_add_body_class":"","ocean_shortcode_before_top_bar":"","ocean_shortcode_after_top_bar":"","ocean_shortcode_before_header":"","ocean_shortcode_after_header":"","ocean_has_shortcode":"","ocean_shortcode_after_title":"","ocean_shortcode_before_footer_widgets":"","ocean_shortcode_after_footer_widgets":"","ocean_shortcode_before_footer_bottom":"","ocean_shortcode_after_footer_bottom":"","ocean_display_top_bar":"default","ocean_display_header":"default","ocean_header_style":"","ocean_center_header_left_menu":"","ocean_custom_header_template":"","ocean_custom_logo":0,"ocean_custom_retina_logo":0,"ocean_custom_logo_max_width":0,"ocean_custom_logo_tablet_max_width":0,"ocean_custom_logo_mobile_max_width":0,"ocean_custom_logo_max_height":0,"ocean_custom_logo_tablet_max_height":0,"ocean_custom_logo_mobile_max_height":0,"ocean_header_custom_menu":"","ocean_menu_typo_font_family":"","ocean_menu_typo_font_subset":"","ocean_menu_typo_font_size":0,"ocean_menu_typo_font_size_tablet":0,"ocean_menu_typo_font_size_mobile":0,"ocean_menu_typo_font_size_unit":"px","ocean_menu_typo_font_weight":"","ocean_menu_typo_font_weight_tablet":"","ocean_menu_typo_font_weight_mobile":"","ocean_menu_typo_transform":"","ocean_menu_typo_transform_tablet":"","ocean_menu_typo_transform_mobile":"","ocean_menu_typo_line_height":0,"ocean_menu_typo_line_height_tablet":0,"ocean_menu_typo_line_height_mobile":0,"ocean_menu_typo_line_height_unit":"","ocean_menu_typo_spacing":0,"ocean_menu_typo_spacing_tablet":0,"ocean_menu_typo_spacing_mobile":0,"ocean_menu_typo_spacing_unit":"","ocean_menu_link_color":"","ocean_menu_link_color_hover":"","ocean_menu_link_color_active":"","ocean_menu_link_background":"","ocean_menu_link_hover_background":"","ocean_menu_link_active_background":"","ocean_menu_social_links_bg":"","ocean_menu_social_hover_links_bg":"","ocean_menu_social_links_color":"","ocean_menu_social_hover_links_color":"","ocean_disable_title":"on","ocean_disable_heading":"default","ocean_post_title":"","ocean_post_subheading":"","ocean_post_title_style":"","ocean_post_title_background_color":"","ocean_post_title_background":0,"ocean_post_title_bg_image_position":"","ocean_post_title_bg_image_attachment":"","ocean_post_title_bg_image_repeat":"","ocean_post_title_bg_image_size":"","ocean_post_title_height":0,"ocean_post_title_bg_overlay":0.5,"ocean_post_title_bg_overlay_color":"","ocean_disable_breadcrumbs":"default","ocean_breadcrumbs_color":"","ocean_breadcrumbs_separator_color":"","ocean_breadcrumbs_links_color":"","ocean_breadcrumbs_links_hover_color":"","ocean_display_footer_widgets":"default","ocean_display_footer_bottom":"default","ocean_custom_footer_template":"","footnotes":""},"class_list":["post-803","page","type-page","status-publish","hentry","entry"],"yoast_head":"<!-- This site is optimized with the Yoast SEO plugin v27.5 - https:\/\/yoast.com\/product\/yoast-seo-wordpress\/ -->\n<title>Cal Ganxo&#039;s cal\u00e7otada - Cal Ganxo Restaurant<\/title>\n<meta name=\"robots\" content=\"index, follow, max-snippet:-1, max-image-preview:large, max-video-preview:-1\" \/>\n<link rel=\"canonical\" href=\"https:\/\/www.calganxo.com\/en\/calcotada\/\" \/>\n<meta property=\"og:locale\" content=\"en_US\" \/>\n<meta property=\"og:type\" content=\"article\" \/>\n<meta property=\"og:title\" content=\"Cal Ganxo&#039;s cal\u00e7otada - Cal Ganxo Restaurant\" \/>\n<meta property=\"og:description\" content=\"Cal Ganxo&#8217;s cal\u00e7otada, faithful to tradition Cal Ganxo is the only restaurant in Valls and Catalunya that only serves cal\u00e7otada. Faithful to tradition, we offer an authentic gastronomic experience, where cal\u00e7ots are cooked over the flames made using vine shoots and served immediately, wrapped in newspapers and then onto roof tiles, the way it&#8217;s always [&hellip;]\" \/>\n<meta property=\"og:url\" content=\"https:\/\/www.calganxo.com\/en\/calcotada\/\" \/>\n<meta property=\"og:site_name\" content=\"Cal Ganxo Restaurant\" \/>\n<meta property=\"article:publisher\" content=\"https:\/\/www.facebook.com\/restaurantcalganxo\" \/>\n<meta property=\"article:modified_time\" content=\"2024-01-25T11:07:57+00:00\" \/>\n<meta property=\"og:image\" content=\"https:\/\/www.calganxo.com\/wp-content\/uploads\/2024\/01\/SECOND-SHOOTING-0022-scaled.jpg\" \/>\n<meta name=\"twitter:card\" content=\"summary_large_image\" \/>\n<meta name=\"twitter:label1\" content=\"Est. reading time\" \/>\n\t<meta name=\"twitter:data1\" content=\"3 minutes\" \/>\n<script type=\"application\/ld+json\" class=\"yoast-schema-graph\">{\"@context\":\"https:\\\/\\\/schema.org\",\"@graph\":[{\"@type\":\"WebPage\",\"@id\":\"https:\\\/\\\/www.calganxo.com\\\/en\\\/calcotada\\\/\",\"url\":\"https:\\\/\\\/www.calganxo.com\\\/en\\\/calcotada\\\/\",\"name\":\"Cal Ganxo's cal\u00e7otada - Cal Ganxo Restaurant\",\"isPartOf\":{\"@id\":\"https:\\\/\\\/www.calganxo.com\\\/en\\\/#website\"},\"primaryImageOfPage\":{\"@id\":\"https:\\\/\\\/www.calganxo.com\\\/en\\\/calcotada\\\/#primaryimage\"},\"image\":{\"@id\":\"https:\\\/\\\/www.calganxo.com\\\/en\\\/calcotada\\\/#primaryimage\"},\"thumbnailUrl\":\"https:\\\/\\\/www.calganxo.com\\\/wp-content\\\/uploads\\\/2024\\\/01\\\/SECOND-SHOOTING-0022-scaled.jpg\",\"datePublished\":\"2023-12-06T09:07:57+00:00\",\"dateModified\":\"2024-01-25T11:07:57+00:00\",\"breadcrumb\":{\"@id\":\"https:\\\/\\\/www.calganxo.com\\\/en\\\/calcotada\\\/#breadcrumb\"},\"inLanguage\":\"en-US\",\"potentialAction\":[{\"@type\":\"ReadAction\",\"target\":[\"https:\\\/\\\/www.calganxo.com\\\/en\\\/calcotada\\\/\"]}]},{\"@type\":\"ImageObject\",\"inLanguage\":\"en-US\",\"@id\":\"https:\\\/\\\/www.calganxo.com\\\/en\\\/calcotada\\\/#primaryimage\",\"url\":\"https:\\\/\\\/www.calganxo.com\\\/wp-content\\\/uploads\\\/2024\\\/01\\\/SECOND-SHOOTING-0022-scaled.jpg\",\"contentUrl\":\"https:\\\/\\\/www.calganxo.com\\\/wp-content\\\/uploads\\\/2024\\\/01\\\/SECOND-SHOOTING-0022-scaled.jpg\"},{\"@type\":\"BreadcrumbList\",\"@id\":\"https:\\\/\\\/www.calganxo.com\\\/en\\\/calcotada\\\/#breadcrumb\",\"itemListElement\":[{\"@type\":\"ListItem\",\"position\":1,\"name\":\"Inici\",\"item\":\"https:\\\/\\\/www.calganxo.com\\\/en\\\/\"},{\"@type\":\"ListItem\",\"position\":2,\"name\":\"Cal Ganxo&#8217;s cal\u00e7otada\"}]},{\"@type\":\"WebSite\",\"@id\":\"https:\\\/\\\/www.calganxo.com\\\/en\\\/#website\",\"url\":\"https:\\\/\\\/www.calganxo.com\\\/en\\\/\",\"name\":\"Restaurant Cal Ganxo\",\"description\":\"Restaurant Cal Ganxo, les millors cal\u00e7otades\",\"publisher\":{\"@id\":\"https:\\\/\\\/www.calganxo.com\\\/en\\\/#organization\"},\"potentialAction\":[{\"@type\":\"SearchAction\",\"target\":{\"@type\":\"EntryPoint\",\"urlTemplate\":\"https:\\\/\\\/www.calganxo.com\\\/en\\\/?s={search_term_string}\"},\"query-input\":{\"@type\":\"PropertyValueSpecification\",\"valueRequired\":true,\"valueName\":\"search_term_string\"}}],\"inLanguage\":\"en-US\"},{\"@type\":\"Organization\",\"@id\":\"https:\\\/\\\/www.calganxo.com\\\/en\\\/#organization\",\"name\":\"Restaurant Cal Ganxo\",\"url\":\"https:\\\/\\\/www.calganxo.com\\\/en\\\/\",\"logo\":{\"@type\":\"ImageObject\",\"inLanguage\":\"en-US\",\"@id\":\"https:\\\/\\\/www.calganxo.com\\\/en\\\/#\\\/schema\\\/logo\\\/image\\\/\",\"url\":\"https:\\\/\\\/www.calganxo.com\\\/wp-content\\\/uploads\\\/2023\\\/12\\\/restaurant-cal-ganxo-2x.png\",\"contentUrl\":\"https:\\\/\\\/www.calganxo.com\\\/wp-content\\\/uploads\\\/2023\\\/12\\\/restaurant-cal-ganxo-2x.png\",\"width\":715,\"height\":600,\"caption\":\"Restaurant Cal Ganxo\"},\"image\":{\"@id\":\"https:\\\/\\\/www.calganxo.com\\\/en\\\/#\\\/schema\\\/logo\\\/image\\\/\"},\"sameAs\":[\"https:\\\/\\\/www.facebook.com\\\/restaurantcalganxo\",\"https:\\\/\\\/www.instagram.com\\\/calganxorestaurant\\\/\",\"https:\\\/\\\/www.youtube.com\\\/@restaurantcalganxo9257\"]}]}<\/script>\n<!-- \/ Yoast SEO plugin. -->","yoast_head_json":{"title":"Cal Ganxo's cal\u00e7otada - Cal Ganxo Restaurant","robots":{"index":"index","follow":"follow","max-snippet":"max-snippet:-1","max-image-preview":"max-image-preview:large","max-video-preview":"max-video-preview:-1"},"canonical":"https:\/\/www.calganxo.com\/en\/calcotada\/","og_locale":"en_US","og_type":"article","og_title":"Cal Ganxo's cal\u00e7otada - Cal Ganxo Restaurant","og_description":"Cal Ganxo&#8217;s cal\u00e7otada, faithful to tradition Cal Ganxo is the only restaurant in Valls and Catalunya that only serves cal\u00e7otada. Faithful to tradition, we offer an authentic gastronomic experience, where cal\u00e7ots are cooked over the flames made using vine shoots and served immediately, wrapped in newspapers and then onto roof tiles, the way it&#8217;s always [&hellip;]","og_url":"https:\/\/www.calganxo.com\/en\/calcotada\/","og_site_name":"Cal Ganxo Restaurant","article_publisher":"https:\/\/www.facebook.com\/restaurantcalganxo","article_modified_time":"2024-01-25T11:07:57+00:00","og_image":[{"url":"https:\/\/www.calganxo.com\/wp-content\/uploads\/2024\/01\/SECOND-SHOOTING-0022-scaled.jpg","type":"","width":"","height":""}],"twitter_card":"summary_large_image","twitter_misc":{"Est. reading time":"3 minutes"},"schema":{"@context":"https:\/\/schema.org","@graph":[{"@type":"WebPage","@id":"https:\/\/www.calganxo.com\/en\/calcotada\/","url":"https:\/\/www.calganxo.com\/en\/calcotada\/","name":"Cal Ganxo's cal\u00e7otada - Cal Ganxo Restaurant","isPartOf":{"@id":"https:\/\/www.calganxo.com\/en\/#website"},"primaryImageOfPage":{"@id":"https:\/\/www.calganxo.com\/en\/calcotada\/#primaryimage"},"image":{"@id":"https:\/\/www.calganxo.com\/en\/calcotada\/#primaryimage"},"thumbnailUrl":"https:\/\/www.calganxo.com\/wp-content\/uploads\/2024\/01\/SECOND-SHOOTING-0022-scaled.jpg","datePublished":"2023-12-06T09:07:57+00:00","dateModified":"2024-01-25T11:07:57+00:00","breadcrumb":{"@id":"https:\/\/www.calganxo.com\/en\/calcotada\/#breadcrumb"},"inLanguage":"en-US","potentialAction":[{"@type":"ReadAction","target":["https:\/\/www.calganxo.com\/en\/calcotada\/"]}]},{"@type":"ImageObject","inLanguage":"en-US","@id":"https:\/\/www.calganxo.com\/en\/calcotada\/#primaryimage","url":"https:\/\/www.calganxo.com\/wp-content\/uploads\/2024\/01\/SECOND-SHOOTING-0022-scaled.jpg","contentUrl":"https:\/\/www.calganxo.com\/wp-content\/uploads\/2024\/01\/SECOND-SHOOTING-0022-scaled.jpg"},{"@type":"BreadcrumbList","@id":"https:\/\/www.calganxo.com\/en\/calcotada\/#breadcrumb","itemListElement":[{"@type":"ListItem","position":1,"name":"Inici","item":"https:\/\/www.calganxo.com\/en\/"},{"@type":"ListItem","position":2,"name":"Cal Ganxo&#8217;s cal\u00e7otada"}]},{"@type":"WebSite","@id":"https:\/\/www.calganxo.com\/en\/#website","url":"https:\/\/www.calganxo.com\/en\/","name":"Restaurant Cal Ganxo","description":"Restaurant Cal Ganxo, les millors cal\u00e7otades","publisher":{"@id":"https:\/\/www.calganxo.com\/en\/#organization"},"potentialAction":[{"@type":"SearchAction","target":{"@type":"EntryPoint","urlTemplate":"https:\/\/www.calganxo.com\/en\/?s={search_term_string}"},"query-input":{"@type":"PropertyValueSpecification","valueRequired":true,"valueName":"search_term_string"}}],"inLanguage":"en-US"},{"@type":"Organization","@id":"https:\/\/www.calganxo.com\/en\/#organization","name":"Restaurant Cal Ganxo","url":"https:\/\/www.calganxo.com\/en\/","logo":{"@type":"ImageObject","inLanguage":"en-US","@id":"https:\/\/www.calganxo.com\/en\/#\/schema\/logo\/image\/","url":"https:\/\/www.calganxo.com\/wp-content\/uploads\/2023\/12\/restaurant-cal-ganxo-2x.png","contentUrl":"https:\/\/www.calganxo.com\/wp-content\/uploads\/2023\/12\/restaurant-cal-ganxo-2x.png","width":715,"height":600,"caption":"Restaurant Cal Ganxo"},"image":{"@id":"https:\/\/www.calganxo.com\/en\/#\/schema\/logo\/image\/"},"sameAs":["https:\/\/www.facebook.com\/restaurantcalganxo","https:\/\/www.instagram.com\/calganxorestaurant\/","https:\/\/www.youtube.com\/@restaurantcalganxo9257"]}]}},"_links":{"self":[{"href":"https:\/\/www.calganxo.com\/en\/wp-json\/wp\/v2\/pages\/803","targetHints":{"allow":["GET"]}}],"collection":[{"href":"https:\/\/www.calganxo.com\/en\/wp-json\/wp\/v2\/pages"}],"about":[{"href":"https:\/\/www.calganxo.com\/en\/wp-json\/wp\/v2\/types\/page"}],"author":[{"embeddable":true,"href":"https:\/\/www.calganxo.com\/en\/wp-json\/wp\/v2\/users\/1"}],"replies":[{"embeddable":true,"href":"https:\/\/www.calganxo.com\/en\/wp-json\/wp\/v2\/comments?post=803"}],"version-history":[{"count":16,"href":"https:\/\/www.calganxo.com\/en\/wp-json\/wp\/v2\/pages\/803\/revisions"}],"predecessor-version":[{"id":1028,"href":"https:\/\/www.calganxo.com\/en\/wp-json\/wp\/v2\/pages\/803\/revisions\/1028"}],"wp:attachment":[{"href":"https:\/\/www.calganxo.com\/en\/wp-json\/wp\/v2\/media?parent=803"}],"curies":[{"name":"wp","href":"https:\/\/api.w.org\/{rel}","templated":true}]}}