{"id":795,"date":"2023-12-19T16:46:23","date_gmt":"2023-12-19T15:46:23","guid":{"rendered":"https:\/\/www.calganxo.com\/menu-calcotada\/"},"modified":"2025-10-29T11:03:03","modified_gmt":"2025-10-29T10:03:03","slug":"menu-calcotada","status":"publish","type":"page","link":"https:\/\/www.calganxo.com\/en\/menu-calcotada\/","title":{"rendered":"Cal\u00e7otada menu"},"content":{"rendered":"\t\t<div data-elementor-type=\"wp-page\" data-elementor-id=\"795\" class=\"elementor elementor-795 elementor-248\">\n\t\t\t\t<div class=\"elementor-element elementor-element-26dfcbcf e-flex e-con-boxed e-con e-parent\" data-id=\"26dfcbcf\" data-element_type=\"container\" data-e-type=\"container\">\n\t\t\t\t\t<div class=\"e-con-inner\">\n\t\t\t\t<div class=\"elementor-element elementor-element-3c02000 elementor-widget elementor-widget-cgmenu\" data-id=\"3c02000\" data-element_type=\"widget\" data-e-type=\"widget\" data-widget_type=\"cgmenu.default\">\n\t\t\t\t<div class=\"elementor-widget-container\">\n\t\t\t\t\t<div class=\"cg-menu\"><div class=\"cg-menu-in\"><div class=\"cg-menu-borders\"><div class=\"cg-menu-borders-corner cg-menu-borders-ctl\"><\/div><div class=\"cg-menu-borders-corner cg-menu-borders-ctr\"><\/div><div class=\"cg-menu-borders-corner cg-menu-borders-cbl\"><\/div><div class=\"cg-menu-borders-corner cg-menu-borders-cbr\"><\/div><div class=\"cg-menu-borders-border cg-menu-borders-bl\"><\/div><div class=\"cg-menu-borders-border cg-menu-borders-br\"><\/div><div class=\"cg-menu-borders-border cg-menu-borders-bt\"><\/div><div class=\"cg-menu-borders-border cg-menu-borders-bb\"><\/div><\/div><h1 class=\"cg-menu-tit\">CAL\u00c7OTADA<\/h1><div class=\"cg-menu-content\"><div class=\"cg-menu-content-text\">cal\u00e7ots with sauce<\/div><hr class=\"cg-menu-content-sep\" \/><div class=\"cg-menu-content-text\">lamb, pork sausage and black &quot;botifarra&quot;<\/div><div class=\"cg-menu-content-desc\">together with<\/div><div class=\"cg-menu-content-text\">&quot;ganxet&quot; beans and artichokes<\/div><hr class=\"cg-menu-content-sep\" \/><div class=\"cg-menu-content-text\">&quot;crema catalana&quot; with &quot;carquinyoli&quot; and an orange<\/div><hr class=\"cg-menu-content-sep\" \/><div class=\"cg-menu-content-text\">bread, wine<\/div><div class=\"cg-menu-content-text\">&quot;brut nature&quot; cava<\/div><div class=\"cg-menu-content-text\">coffee<\/div><\/div><div class=\"cg-menu-price-container\"><div class=\"cg-menu-borders\"><div class=\"cg-menu-borders-corner cg-menu-borders-ctl\"><\/div><div class=\"cg-menu-borders-corner cg-menu-borders-ctr\"><\/div><div class=\"cg-menu-borders-corner cg-menu-borders-cbl\"><\/div><div class=\"cg-menu-borders-corner cg-menu-borders-cbr\"><\/div><div class=\"cg-menu-borders-border cg-menu-borders-bl\"><\/div><div class=\"cg-menu-borders-border cg-menu-borders-br\"><\/div><div class=\"cg-menu-borders-border cg-menu-borders-bt\"><\/div><div class=\"cg-menu-borders-border cg-menu-borders-bb\"><\/div><\/div><div class=\"cg-menu-price\">49\u20ac<\/div><div class=\"cg-menu-vat\">VAT included<\/div><\/div><\/div><div class=\"cg-menu-share\"><div class=\"cg-share-link\" onclick=\"calGanxoCompartirMenu();\"><i class=\"fas fa-share-alt\" aria-hidden=\"true\" role=\"img\"><\/i><span class=\"cg-share-link-text\">Share<\/span><\/div><\/div><\/div>\t\t\t\t<\/div>\n\t\t\t\t<\/div>\n\t\t\t\t<div class=\"elementor-element elementor-element-e88ac38 elementor-widget elementor-widget-cgmenu\" data-id=\"e88ac38\" data-element_type=\"widget\" data-e-type=\"widget\" data-widget_type=\"cgmenu.default\">\n\t\t\t\t<div class=\"elementor-widget-container\">\n\t\t\t\t\t<div class=\"cg-menu\"><div class=\"cg-menu-in\"><div class=\"cg-menu-borders\"><div class=\"cg-menu-borders-corner cg-menu-borders-ctl\"><\/div><div class=\"cg-menu-borders-corner cg-menu-borders-ctr\"><\/div><div class=\"cg-menu-borders-corner cg-menu-borders-cbl\"><\/div><div class=\"cg-menu-borders-corner cg-menu-borders-cbr\"><\/div><div class=\"cg-menu-borders-border cg-menu-borders-bl\"><\/div><div class=\"cg-menu-borders-border cg-menu-borders-br\"><\/div><div class=\"cg-menu-borders-border cg-menu-borders-bt\"><\/div><div class=\"cg-menu-borders-border cg-menu-borders-bb\"><\/div><\/div><h1 class=\"cg-menu-tit\">VEGETARIAN CAL\u00c7OTADA<\/h1><div class=\"cg-menu-content\"><div class=\"cg-menu-content-text\">cal\u00e7ots with sauce<\/div><hr class=\"cg-menu-content-sep\" \/><div class=\"cg-menu-content-text\">&quot;escalivada&quot; and baked potato<\/div><div class=\"cg-menu-content-desc\">together with<\/div><div class=\"cg-menu-content-text\">&quot;ganxet&quot; beans and artichokes<\/div><hr class=\"cg-menu-content-sep\" \/><div class=\"cg-menu-content-text\">&quot;crema catalana&quot; with &quot;carquinyoli&quot; and an orange<\/div><hr class=\"cg-menu-content-sep\" \/><div class=\"cg-menu-content-text\">bread, wine<\/div><div class=\"cg-menu-content-text\">&quot;brut nature&quot; cava<\/div><div class=\"cg-menu-content-text\">coffee<\/div><\/div><div class=\"cg-menu-price-container\"><div class=\"cg-menu-borders\"><div class=\"cg-menu-borders-corner cg-menu-borders-ctl\"><\/div><div class=\"cg-menu-borders-corner cg-menu-borders-ctr\"><\/div><div class=\"cg-menu-borders-corner cg-menu-borders-cbl\"><\/div><div class=\"cg-menu-borders-corner cg-menu-borders-cbr\"><\/div><div class=\"cg-menu-borders-border cg-menu-borders-bl\"><\/div><div class=\"cg-menu-borders-border cg-menu-borders-br\"><\/div><div class=\"cg-menu-borders-border cg-menu-borders-bt\"><\/div><div class=\"cg-menu-borders-border cg-menu-borders-bb\"><\/div><\/div><div class=\"cg-menu-price\">44\u20ac<\/div><div class=\"cg-menu-vat\">VAT included<\/div><\/div><\/div><div class=\"cg-menu-share\"><div class=\"cg-share-link\" onclick=\"calGanxoCompartirMenu();\"><i class=\"fas fa-share-alt\" aria-hidden=\"true\" role=\"img\"><\/i><span class=\"cg-share-link-text\">Share<\/span><\/div><\/div><\/div>\t\t\t\t<\/div>\n\t\t\t\t<\/div>\n\t\t\t\t\t<\/div>\n\t\t\t\t<\/div>\n\t\t<div class=\"elementor-element elementor-element-6d8c3a00 e-flex e-con-boxed e-con e-parent\" data-id=\"6d8c3a00\" data-element_type=\"container\" data-e-type=\"container\">\n\t\t\t\t\t<div class=\"e-con-inner\">\n\t\t\t\t<div class=\"elementor-element elementor-element-537380fc gallery-spacing-custom elementor-widget elementor-widget-image-gallery\" data-id=\"537380fc\" data-element_type=\"widget\" data-e-type=\"widget\" data-widget_type=\"image-gallery.default\">\n\t\t\t\t<div class=\"elementor-widget-container\">\n\t\t\t\t\t\t\t<div class=\"elementor-image-gallery\">\n\t\t\t<div id='gallery-1' class='gallery galleryid-795 gallery-columns-3 gallery-size-galeria-quadrada'><figure class='gallery-item'>\n\t\t\t<div class='gallery-icon landscape'>\n\t\t\t\t<a data-elementor-open-lightbox=\"yes\" data-elementor-lightbox-slideshow=\"537380fc\" data-elementor-lightbox-title=\"View More: http:\/\/pepsalvat.pass.us\/calganxo-photoshoot\" data-e-action-hash=\"#elementor-action%3Aaction%3Dlightbox%26settings%3DeyJpZCI6NzMyLCJ1cmwiOiJodHRwczpcL1wvd3d3LmNhbGdhbnhvLmNvbVwvd3AtY29udGVudFwvdXBsb2Fkc1wvMjAyM1wvMTJcL1NFQ09ORC1TSE9PVElORy0wMDA1LXNjYWxlZC5qcGciLCJzbGlkZXNob3ciOiI1MzczODBmYyJ9\" href='https:\/\/www.calganxo.com\/wp-content\/uploads\/2023\/12\/SECOND-SHOOTING-0005-scaled.jpg'><img fetchpriority=\"high\" decoding=\"async\" width=\"650\" height=\"650\" src=\"https:\/\/www.calganxo.com\/wp-content\/uploads\/2023\/12\/SECOND-SHOOTING-0005-650x650.jpg\" class=\"attachment-galeria-quadrada size-galeria-quadrada\" alt=\"\" srcset=\"https:\/\/www.calganxo.com\/wp-content\/uploads\/2023\/12\/SECOND-SHOOTING-0005-650x650.jpg 650w, https:\/\/www.calganxo.com\/wp-content\/uploads\/2023\/12\/SECOND-SHOOTING-0005-150x150.jpg 150w, https:\/\/www.calganxo.com\/wp-content\/uploads\/2023\/12\/SECOND-SHOOTING-0005-600x600.jpg 600w\" sizes=\"(max-width: 650px) 100vw, 650px\" \/><\/a>\n\t\t\t<\/div><\/figure><figure class='gallery-item'>\n\t\t\t<div class='gallery-icon landscape'>\n\t\t\t\t<a data-elementor-open-lightbox=\"yes\" data-elementor-lightbox-slideshow=\"537380fc\" data-elementor-lightbox-title=\"View More: http:\/\/pepsalvat.pass.us\/calganxo-photoshoot\" data-e-action-hash=\"#elementor-action%3Aaction%3Dlightbox%26settings%3DeyJpZCI6NzM0LCJ1cmwiOiJodHRwczpcL1wvd3d3LmNhbGdhbnhvLmNvbVwvd3AtY29udGVudFwvdXBsb2Fkc1wvMjAyM1wvMTJcL1NFQ09ORC1TSE9PVElORy0wMDIxLXNjYWxlZC5qcGciLCJzbGlkZXNob3ciOiI1MzczODBmYyJ9\" href='https:\/\/www.calganxo.com\/wp-content\/uploads\/2023\/12\/SECOND-SHOOTING-0021-scaled.jpg'><img decoding=\"async\" width=\"650\" height=\"650\" src=\"https:\/\/www.calganxo.com\/wp-content\/uploads\/2023\/12\/SECOND-SHOOTING-0021-650x650.jpg\" class=\"attachment-galeria-quadrada size-galeria-quadrada\" alt=\"\" srcset=\"https:\/\/www.calganxo.com\/wp-content\/uploads\/2023\/12\/SECOND-SHOOTING-0021-650x650.jpg 650w, https:\/\/www.calganxo.com\/wp-content\/uploads\/2023\/12\/SECOND-SHOOTING-0021-150x150.jpg 150w, https:\/\/www.calganxo.com\/wp-content\/uploads\/2023\/12\/SECOND-SHOOTING-0021-600x600.jpg 600w\" sizes=\"(max-width: 650px) 100vw, 650px\" \/><\/a>\n\t\t\t<\/div><\/figure><figure class='gallery-item'>\n\t\t\t<div class='gallery-icon landscape'>\n\t\t\t\t<a data-elementor-open-lightbox=\"yes\" data-elementor-lightbox-slideshow=\"537380fc\" data-elementor-lightbox-title=\"View More: http:\/\/pepsalvat.pass.us\/calganxo-photoshoot\" data-e-action-hash=\"#elementor-action%3Aaction%3Dlightbox%26settings%3DeyJpZCI6NzM4LCJ1cmwiOiJodHRwczpcL1wvd3d3LmNhbGdhbnhvLmNvbVwvd3AtY29udGVudFwvdXBsb2Fkc1wvMjAyM1wvMTJcL1RISVJELVNIT09USU5HLTAxMDAtc2NhbGVkLmpwZyIsInNsaWRlc2hvdyI6IjUzNzM4MGZjIn0%3D\" href='https:\/\/www.calganxo.com\/wp-content\/uploads\/2023\/12\/THIRD-SHOOTING-0100-scaled.jpg'><img decoding=\"async\" width=\"650\" height=\"650\" src=\"https:\/\/www.calganxo.com\/wp-content\/uploads\/2023\/12\/THIRD-SHOOTING-0100-650x650.jpg\" class=\"attachment-galeria-quadrada size-galeria-quadrada\" alt=\"\" srcset=\"https:\/\/www.calganxo.com\/wp-content\/uploads\/2023\/12\/THIRD-SHOOTING-0100-650x650.jpg 650w, https:\/\/www.calganxo.com\/wp-content\/uploads\/2023\/12\/THIRD-SHOOTING-0100-150x150.jpg 150w, https:\/\/www.calganxo.com\/wp-content\/uploads\/2023\/12\/THIRD-SHOOTING-0100-600x600.jpg 600w\" sizes=\"(max-width: 650px) 100vw, 650px\" \/><\/a>\n\t\t\t<\/div><\/figure><figure class='gallery-item'>\n\t\t\t<div class='gallery-icon landscape'>\n\t\t\t\t<a data-elementor-open-lightbox=\"yes\" data-elementor-lightbox-slideshow=\"537380fc\" data-elementor-lightbox-title=\"View More: http:\/\/pepsalvat.pass.us\/calganxo-photoshoot\" data-e-action-hash=\"#elementor-action%3Aaction%3Dlightbox%26settings%3DeyJpZCI6NzM2LCJ1cmwiOiJodHRwczpcL1wvd3d3LmNhbGdhbnhvLmNvbVwvd3AtY29udGVudFwvdXBsb2Fkc1wvMjAyM1wvMTJcL1RISVJELVNIT09USU5HLTAwNzAtc2NhbGVkLmpwZyIsInNsaWRlc2hvdyI6IjUzNzM4MGZjIn0%3D\" href='https:\/\/www.calganxo.com\/wp-content\/uploads\/2023\/12\/THIRD-SHOOTING-0070-scaled.jpg'><img loading=\"lazy\" decoding=\"async\" width=\"650\" height=\"650\" src=\"https:\/\/www.calganxo.com\/wp-content\/uploads\/2023\/12\/THIRD-SHOOTING-0070-650x650.jpg\" class=\"attachment-galeria-quadrada size-galeria-quadrada\" alt=\"\" srcset=\"https:\/\/www.calganxo.com\/wp-content\/uploads\/2023\/12\/THIRD-SHOOTING-0070-650x650.jpg 650w, https:\/\/www.calganxo.com\/wp-content\/uploads\/2023\/12\/THIRD-SHOOTING-0070-150x150.jpg 150w, https:\/\/www.calganxo.com\/wp-content\/uploads\/2023\/12\/THIRD-SHOOTING-0070-600x600.jpg 600w\" sizes=\"(max-width: 650px) 100vw, 650px\" \/><\/a>\n\t\t\t<\/div><\/figure><figure class='gallery-item'>\n\t\t\t<div class='gallery-icon landscape'>\n\t\t\t\t<a data-elementor-open-lightbox=\"yes\" data-elementor-lightbox-slideshow=\"537380fc\" data-elementor-lightbox-title=\"View More: http:\/\/pepsalvat.pass.us\/calganxo-photoshoot\" data-e-action-hash=\"#elementor-action%3Aaction%3Dlightbox%26settings%3DeyJpZCI6NzQwLCJ1cmwiOiJodHRwczpcL1wvd3d3LmNhbGdhbnhvLmNvbVwvd3AtY29udGVudFwvdXBsb2Fkc1wvMjAyM1wvMTJcL1RISVJELVNIT09USU5HLTAxMTgtc2NhbGVkLmpwZyIsInNsaWRlc2hvdyI6IjUzNzM4MGZjIn0%3D\" href='https:\/\/www.calganxo.com\/wp-content\/uploads\/2023\/12\/THIRD-SHOOTING-0118-scaled.jpg'><img loading=\"lazy\" decoding=\"async\" width=\"650\" height=\"650\" src=\"https:\/\/www.calganxo.com\/wp-content\/uploads\/2023\/12\/THIRD-SHOOTING-0118-650x650.jpg\" class=\"attachment-galeria-quadrada size-galeria-quadrada\" alt=\"\" srcset=\"https:\/\/www.calganxo.com\/wp-content\/uploads\/2023\/12\/THIRD-SHOOTING-0118-650x650.jpg 650w, https:\/\/www.calganxo.com\/wp-content\/uploads\/2023\/12\/THIRD-SHOOTING-0118-150x150.jpg 150w, https:\/\/www.calganxo.com\/wp-content\/uploads\/2023\/12\/THIRD-SHOOTING-0118-600x600.jpg 600w\" sizes=\"(max-width: 650px) 100vw, 650px\" \/><\/a>\n\t\t\t<\/div><\/figure><figure class='gallery-item'>\n\t\t\t<div class='gallery-icon landscape'>\n\t\t\t\t<a data-elementor-open-lightbox=\"yes\" data-elementor-lightbox-slideshow=\"537380fc\" data-elementor-lightbox-title=\"View More: http:\/\/pepsalvat.pass.us\/calganxo-photoshoot\" data-e-action-hash=\"#elementor-action%3Aaction%3Dlightbox%26settings%3DeyJpZCI6NzQyLCJ1cmwiOiJodHRwczpcL1wvd3d3LmNhbGdhbnhvLmNvbVwvd3AtY29udGVudFwvdXBsb2Fkc1wvMjAyM1wvMTJcL1RISVJELVNIT09USU5HLTAxMjMtc2NhbGVkLmpwZyIsInNsaWRlc2hvdyI6IjUzNzM4MGZjIn0%3D\" href='https:\/\/www.calganxo.com\/wp-content\/uploads\/2023\/12\/THIRD-SHOOTING-0123-scaled.jpg'><img loading=\"lazy\" decoding=\"async\" width=\"650\" height=\"650\" src=\"https:\/\/www.calganxo.com\/wp-content\/uploads\/2023\/12\/THIRD-SHOOTING-0123-650x650.jpg\" class=\"attachment-galeria-quadrada size-galeria-quadrada\" alt=\"\" srcset=\"https:\/\/www.calganxo.com\/wp-content\/uploads\/2023\/12\/THIRD-SHOOTING-0123-650x650.jpg 650w, https:\/\/www.calganxo.com\/wp-content\/uploads\/2023\/12\/THIRD-SHOOTING-0123-150x150.jpg 150w, https:\/\/www.calganxo.com\/wp-content\/uploads\/2023\/12\/THIRD-SHOOTING-0123-600x600.jpg 600w\" sizes=\"(max-width: 650px) 100vw, 650px\" \/><\/a>\n\t\t\t<\/div><\/figure>\n\t\t<\/div>\n\t\t<\/div>\n\t\t\t\t\t\t<\/div>\n\t\t\t\t<\/div>\n\t\t\t\t\t<\/div>\n\t\t\t\t<\/div>\n\t\t\t\t<\/div>\n\t\t","protected":false},"excerpt":{"rendered":"<p>CAL\u00c7OTADA cal\u00e7ots with sauce lamb, pork sausage and black &quot;botifarra&quot;together with&quot;ganxet&quot; beans and artichokes &quot;crema catalana&quot; with &quot;carquinyoli&quot; and an orange bread, wine&quot;brut nature&quot; cavacoffee49\u20acVAT includedCompartir VEGETARIAN CAL\u00c7OTADA cal\u00e7ots with sauce &quot;escalivada&quot; and baked potatotogether with&quot;ganxet&quot; beans and artichokes &quot;crema catalana&quot; with &quot;carquinyoli&quot; and an orange bread, wine&quot;brut nature&quot; cavacoffee44\u20acVAT includedCompartir<\/p>\n","protected":false},"author":1,"featured_media":0,"parent":0,"menu_order":0,"comment_status":"closed","ping_status":"closed","template":"","meta":{"ocean_post_layout":"full-screen","ocean_both_sidebars_style":"","ocean_both_sidebars_content_width":0,"ocean_both_sidebars_sidebars_width":0,"ocean_sidebar":"","ocean_second_sidebar":"","ocean_disable_margins":"enable","ocean_add_body_class":"","ocean_shortcode_before_top_bar":"","ocean_shortcode_after_top_bar":"","ocean_shortcode_before_header":"","ocean_shortcode_after_header":"","ocean_has_shortcode":"","ocean_shortcode_after_title":"","ocean_shortcode_before_footer_widgets":"","ocean_shortcode_after_footer_widgets":"","ocean_shortcode_before_footer_bottom":"","ocean_shortcode_after_footer_bottom":"","ocean_display_top_bar":"default","ocean_display_header":"default","ocean_header_style":"","ocean_center_header_left_menu":"","ocean_custom_header_template":"","ocean_custom_logo":0,"ocean_custom_retina_logo":0,"ocean_custom_logo_max_width":0,"ocean_custom_logo_tablet_max_width":0,"ocean_custom_logo_mobile_max_width":0,"ocean_custom_logo_max_height":0,"ocean_custom_logo_tablet_max_height":0,"ocean_custom_logo_mobile_max_height":0,"ocean_header_custom_menu":"","ocean_menu_typo_font_family":"","ocean_menu_typo_font_subset":"","ocean_menu_typo_font_size":0,"ocean_menu_typo_font_size_tablet":0,"ocean_menu_typo_font_size_mobile":0,"ocean_menu_typo_font_size_unit":"px","ocean_menu_typo_font_weight":"","ocean_menu_typo_font_weight_tablet":"","ocean_menu_typo_font_weight_mobile":"","ocean_menu_typo_transform":"","ocean_menu_typo_transform_tablet":"","ocean_menu_typo_transform_mobile":"","ocean_menu_typo_line_height":0,"ocean_menu_typo_line_height_tablet":0,"ocean_menu_typo_line_height_mobile":0,"ocean_menu_typo_line_height_unit":"","ocean_menu_typo_spacing":0,"ocean_menu_typo_spacing_tablet":0,"ocean_menu_typo_spacing_mobile":0,"ocean_menu_typo_spacing_unit":"","ocean_menu_link_color":"","ocean_menu_link_color_hover":"","ocean_menu_link_color_active":"","ocean_menu_link_background":"","ocean_menu_link_hover_background":"","ocean_menu_link_active_background":"","ocean_menu_social_links_bg":"","ocean_menu_social_hover_links_bg":"","ocean_menu_social_links_color":"","ocean_menu_social_hover_links_color":"","ocean_disable_title":"on","ocean_disable_heading":"default","ocean_post_title":"","ocean_post_subheading":"","ocean_post_title_style":"","ocean_post_title_background_color":"","ocean_post_title_background":0,"ocean_post_title_bg_image_position":"","ocean_post_title_bg_image_attachment":"","ocean_post_title_bg_image_repeat":"","ocean_post_title_bg_image_size":"","ocean_post_title_height":0,"ocean_post_title_bg_overlay":0.5,"ocean_post_title_bg_overlay_color":"","ocean_disable_breadcrumbs":"default","ocean_breadcrumbs_color":"","ocean_breadcrumbs_separator_color":"","ocean_breadcrumbs_links_color":"","ocean_breadcrumbs_links_hover_color":"","ocean_display_footer_widgets":"default","ocean_display_footer_bottom":"default","ocean_custom_footer_template":"","footnotes":""},"class_list":["post-795","page","type-page","status-publish","hentry","entry"],"yoast_head":"<!-- This site is optimized with the Yoast SEO plugin v27.4 - https:\/\/yoast.com\/product\/yoast-seo-wordpress\/ -->\n<title>Cal\u00e7otada menu - Cal Ganxo Restaurant<\/title>\n<meta name=\"description\" content=\"Men\u00fa de l&#039;aut\u00e8ntica cal\u00e7otada de Valls, al Restaurant Cal Ganxo.\" \/>\n<meta name=\"robots\" content=\"index, follow, max-snippet:-1, max-image-preview:large, max-video-preview:-1\" \/>\n<link rel=\"canonical\" href=\"https:\/\/www.calganxo.com\/en\/menu-calcotada\/\" \/>\n<meta property=\"og:locale\" content=\"en_US\" \/>\n<meta property=\"og:type\" content=\"article\" \/>\n<meta property=\"og:title\" content=\"Cal\u00e7otada menu - Cal Ganxo Restaurant\" \/>\n<meta property=\"og:description\" content=\"Men\u00fa de l&#039;aut\u00e8ntica cal\u00e7otada de Valls, al Restaurant Cal Ganxo.\" \/>\n<meta property=\"og:url\" content=\"https:\/\/www.calganxo.com\/en\/menu-calcotada\/\" \/>\n<meta property=\"og:site_name\" content=\"Cal Ganxo Restaurant\" \/>\n<meta property=\"article:publisher\" content=\"https:\/\/www.facebook.com\/restaurantcalganxo\" \/>\n<meta property=\"article:modified_time\" content=\"2025-10-29T10:03:03+00:00\" \/>\n<meta property=\"og:image\" content=\"https:\/\/www.calganxo.com\/wp-content\/uploads\/2023\/12\/SECOND-SHOOTING-0005-650x650.jpg\" \/>\n<meta name=\"twitter:card\" content=\"summary_large_image\" \/>\n<meta name=\"twitter:label1\" content=\"Est. reading time\" \/>\n\t<meta name=\"twitter:data1\" content=\"1 minute\" \/>\n<script type=\"application\/ld+json\" class=\"yoast-schema-graph\">{\"@context\":\"https:\\\/\\\/schema.org\",\"@graph\":[{\"@type\":\"WebPage\",\"@id\":\"https:\\\/\\\/www.calganxo.com\\\/en\\\/menu-calcotada\\\/\",\"url\":\"https:\\\/\\\/www.calganxo.com\\\/en\\\/menu-calcotada\\\/\",\"name\":\"Cal\u00e7otada menu - Cal Ganxo Restaurant\",\"isPartOf\":{\"@id\":\"https:\\\/\\\/www.calganxo.com\\\/en\\\/#website\"},\"primaryImageOfPage\":{\"@id\":\"https:\\\/\\\/www.calganxo.com\\\/en\\\/menu-calcotada\\\/#primaryimage\"},\"image\":{\"@id\":\"https:\\\/\\\/www.calganxo.com\\\/en\\\/menu-calcotada\\\/#primaryimage\"},\"thumbnailUrl\":\"https:\\\/\\\/www.calganxo.com\\\/wp-content\\\/uploads\\\/2023\\\/12\\\/SECOND-SHOOTING-0005-650x650.jpg\",\"datePublished\":\"2023-12-19T15:46:23+00:00\",\"dateModified\":\"2025-10-29T10:03:03+00:00\",\"description\":\"Men\u00fa de l'aut\u00e8ntica cal\u00e7otada de Valls, al Restaurant Cal Ganxo.\",\"breadcrumb\":{\"@id\":\"https:\\\/\\\/www.calganxo.com\\\/en\\\/menu-calcotada\\\/#breadcrumb\"},\"inLanguage\":\"en-US\",\"potentialAction\":[{\"@type\":\"ReadAction\",\"target\":[\"https:\\\/\\\/www.calganxo.com\\\/en\\\/menu-calcotada\\\/\"]}]},{\"@type\":\"ImageObject\",\"inLanguage\":\"en-US\",\"@id\":\"https:\\\/\\\/www.calganxo.com\\\/en\\\/menu-calcotada\\\/#primaryimage\",\"url\":\"https:\\\/\\\/www.calganxo.com\\\/wp-content\\\/uploads\\\/2023\\\/12\\\/SECOND-SHOOTING-0005-650x650.jpg\",\"contentUrl\":\"https:\\\/\\\/www.calganxo.com\\\/wp-content\\\/uploads\\\/2023\\\/12\\\/SECOND-SHOOTING-0005-650x650.jpg\"},{\"@type\":\"BreadcrumbList\",\"@id\":\"https:\\\/\\\/www.calganxo.com\\\/en\\\/menu-calcotada\\\/#breadcrumb\",\"itemListElement\":[{\"@type\":\"ListItem\",\"position\":1,\"name\":\"Inici\",\"item\":\"https:\\\/\\\/www.calganxo.com\\\/en\\\/\"},{\"@type\":\"ListItem\",\"position\":2,\"name\":\"Cal\u00e7otada menu\"}]},{\"@type\":\"WebSite\",\"@id\":\"https:\\\/\\\/www.calganxo.com\\\/en\\\/#website\",\"url\":\"https:\\\/\\\/www.calganxo.com\\\/en\\\/\",\"name\":\"Restaurant Cal Ganxo\",\"description\":\"Restaurant Cal Ganxo, les millors cal\u00e7otades\",\"publisher\":{\"@id\":\"https:\\\/\\\/www.calganxo.com\\\/en\\\/#organization\"},\"potentialAction\":[{\"@type\":\"SearchAction\",\"target\":{\"@type\":\"EntryPoint\",\"urlTemplate\":\"https:\\\/\\\/www.calganxo.com\\\/en\\\/?s={search_term_string}\"},\"query-input\":{\"@type\":\"PropertyValueSpecification\",\"valueRequired\":true,\"valueName\":\"search_term_string\"}}],\"inLanguage\":\"en-US\"},{\"@type\":\"Organization\",\"@id\":\"https:\\\/\\\/www.calganxo.com\\\/en\\\/#organization\",\"name\":\"Restaurant Cal Ganxo\",\"url\":\"https:\\\/\\\/www.calganxo.com\\\/en\\\/\",\"logo\":{\"@type\":\"ImageObject\",\"inLanguage\":\"en-US\",\"@id\":\"https:\\\/\\\/www.calganxo.com\\\/en\\\/#\\\/schema\\\/logo\\\/image\\\/\",\"url\":\"https:\\\/\\\/www.calganxo.com\\\/wp-content\\\/uploads\\\/2023\\\/12\\\/restaurant-cal-ganxo-2x.png\",\"contentUrl\":\"https:\\\/\\\/www.calganxo.com\\\/wp-content\\\/uploads\\\/2023\\\/12\\\/restaurant-cal-ganxo-2x.png\",\"width\":715,\"height\":600,\"caption\":\"Restaurant Cal Ganxo\"},\"image\":{\"@id\":\"https:\\\/\\\/www.calganxo.com\\\/en\\\/#\\\/schema\\\/logo\\\/image\\\/\"},\"sameAs\":[\"https:\\\/\\\/www.facebook.com\\\/restaurantcalganxo\",\"https:\\\/\\\/www.instagram.com\\\/calganxorestaurant\\\/\",\"https:\\\/\\\/www.youtube.com\\\/@restaurantcalganxo9257\"]}]}<\/script>\n<!-- \/ Yoast SEO plugin. -->","yoast_head_json":{"title":"Cal\u00e7otada menu - Cal Ganxo Restaurant","description":"Men\u00fa de l'aut\u00e8ntica cal\u00e7otada de Valls, al Restaurant Cal Ganxo.","robots":{"index":"index","follow":"follow","max-snippet":"max-snippet:-1","max-image-preview":"max-image-preview:large","max-video-preview":"max-video-preview:-1"},"canonical":"https:\/\/www.calganxo.com\/en\/menu-calcotada\/","og_locale":"en_US","og_type":"article","og_title":"Cal\u00e7otada menu - Cal Ganxo Restaurant","og_description":"Men\u00fa de l'aut\u00e8ntica cal\u00e7otada de Valls, al Restaurant Cal Ganxo.","og_url":"https:\/\/www.calganxo.com\/en\/menu-calcotada\/","og_site_name":"Cal Ganxo Restaurant","article_publisher":"https:\/\/www.facebook.com\/restaurantcalganxo","article_modified_time":"2025-10-29T10:03:03+00:00","og_image":[{"url":"https:\/\/www.calganxo.com\/wp-content\/uploads\/2023\/12\/SECOND-SHOOTING-0005-650x650.jpg","type":"","width":"","height":""}],"twitter_card":"summary_large_image","twitter_misc":{"Est. reading time":"1 minute"},"schema":{"@context":"https:\/\/schema.org","@graph":[{"@type":"WebPage","@id":"https:\/\/www.calganxo.com\/en\/menu-calcotada\/","url":"https:\/\/www.calganxo.com\/en\/menu-calcotada\/","name":"Cal\u00e7otada menu - Cal Ganxo Restaurant","isPartOf":{"@id":"https:\/\/www.calganxo.com\/en\/#website"},"primaryImageOfPage":{"@id":"https:\/\/www.calganxo.com\/en\/menu-calcotada\/#primaryimage"},"image":{"@id":"https:\/\/www.calganxo.com\/en\/menu-calcotada\/#primaryimage"},"thumbnailUrl":"https:\/\/www.calganxo.com\/wp-content\/uploads\/2023\/12\/SECOND-SHOOTING-0005-650x650.jpg","datePublished":"2023-12-19T15:46:23+00:00","dateModified":"2025-10-29T10:03:03+00:00","description":"Men\u00fa de l'aut\u00e8ntica cal\u00e7otada de Valls, al Restaurant Cal Ganxo.","breadcrumb":{"@id":"https:\/\/www.calganxo.com\/en\/menu-calcotada\/#breadcrumb"},"inLanguage":"en-US","potentialAction":[{"@type":"ReadAction","target":["https:\/\/www.calganxo.com\/en\/menu-calcotada\/"]}]},{"@type":"ImageObject","inLanguage":"en-US","@id":"https:\/\/www.calganxo.com\/en\/menu-calcotada\/#primaryimage","url":"https:\/\/www.calganxo.com\/wp-content\/uploads\/2023\/12\/SECOND-SHOOTING-0005-650x650.jpg","contentUrl":"https:\/\/www.calganxo.com\/wp-content\/uploads\/2023\/12\/SECOND-SHOOTING-0005-650x650.jpg"},{"@type":"BreadcrumbList","@id":"https:\/\/www.calganxo.com\/en\/menu-calcotada\/#breadcrumb","itemListElement":[{"@type":"ListItem","position":1,"name":"Inici","item":"https:\/\/www.calganxo.com\/en\/"},{"@type":"ListItem","position":2,"name":"Cal\u00e7otada menu"}]},{"@type":"WebSite","@id":"https:\/\/www.calganxo.com\/en\/#website","url":"https:\/\/www.calganxo.com\/en\/","name":"Restaurant Cal Ganxo","description":"Restaurant Cal Ganxo, les millors cal\u00e7otades","publisher":{"@id":"https:\/\/www.calganxo.com\/en\/#organization"},"potentialAction":[{"@type":"SearchAction","target":{"@type":"EntryPoint","urlTemplate":"https:\/\/www.calganxo.com\/en\/?s={search_term_string}"},"query-input":{"@type":"PropertyValueSpecification","valueRequired":true,"valueName":"search_term_string"}}],"inLanguage":"en-US"},{"@type":"Organization","@id":"https:\/\/www.calganxo.com\/en\/#organization","name":"Restaurant Cal Ganxo","url":"https:\/\/www.calganxo.com\/en\/","logo":{"@type":"ImageObject","inLanguage":"en-US","@id":"https:\/\/www.calganxo.com\/en\/#\/schema\/logo\/image\/","url":"https:\/\/www.calganxo.com\/wp-content\/uploads\/2023\/12\/restaurant-cal-ganxo-2x.png","contentUrl":"https:\/\/www.calganxo.com\/wp-content\/uploads\/2023\/12\/restaurant-cal-ganxo-2x.png","width":715,"height":600,"caption":"Restaurant Cal Ganxo"},"image":{"@id":"https:\/\/www.calganxo.com\/en\/#\/schema\/logo\/image\/"},"sameAs":["https:\/\/www.facebook.com\/restaurantcalganxo","https:\/\/www.instagram.com\/calganxorestaurant\/","https:\/\/www.youtube.com\/@restaurantcalganxo9257"]}]}},"_links":{"self":[{"href":"https:\/\/www.calganxo.com\/en\/wp-json\/wp\/v2\/pages\/795","targetHints":{"allow":["GET"]}}],"collection":[{"href":"https:\/\/www.calganxo.com\/en\/wp-json\/wp\/v2\/pages"}],"about":[{"href":"https:\/\/www.calganxo.com\/en\/wp-json\/wp\/v2\/types\/page"}],"author":[{"embeddable":true,"href":"https:\/\/www.calganxo.com\/en\/wp-json\/wp\/v2\/users\/1"}],"replies":[{"embeddable":true,"href":"https:\/\/www.calganxo.com\/en\/wp-json\/wp\/v2\/comments?post=795"}],"version-history":[{"count":10,"href":"https:\/\/www.calganxo.com\/en\/wp-json\/wp\/v2\/pages\/795\/revisions"}],"predecessor-version":[{"id":1194,"href":"https:\/\/www.calganxo.com\/en\/wp-json\/wp\/v2\/pages\/795\/revisions\/1194"}],"wp:attachment":[{"href":"https:\/\/www.calganxo.com\/en\/wp-json\/wp\/v2\/media?parent=795"}],"curies":[{"name":"wp","href":"https:\/\/api.w.org\/{rel}","templated":true}]}}