{"id":782,"date":"2023-11-23T13:50:29","date_gmt":"2023-11-23T12:50:29","guid":{"rendered":"https:\/\/www.calganxo.com\/avis-legal-i-politica-de-privacitat\/"},"modified":"2024-01-24T12:26:16","modified_gmt":"2024-01-24T11:26:16","slug":"legal-notice-and-privacy-policy","status":"publish","type":"page","link":"https:\/\/www.calganxo.com\/en\/legal-notice-and-privacy-policy\/","title":{"rendered":"Legal notice and privacy policy"},"content":{"rendered":"\n<p>INFORMACI\u00d3 LEGAL LSSIICE<\/p>\n\n\n\n<p>D\u2019acord amb les obligacions previstes en la Llei 34\/2002, de Serveis de la Societat de la Informaci\u00f3 i de Comer\u00e7 Electr\u00f2nic (en endavant LSSIICE),\u00a0<strong>Cal Ganxo<\/strong>\u00a0amb <strong>CIF B43233105 <\/strong>i domicili al <strong>Carrer de la Font F, 14<\/strong>, 43813 <strong>Masmolets<\/strong> (<strong>Valls<\/strong>), Tarragona, i adre\u00e7a electr\u00f2nica <strong>restaurant@calganxo.com<\/strong>, manifesta que s\u00f3n de la seva propietat:<br>\u2013 el domini web\u00a0<strong>www.calganxo.com<\/strong><br>\u2013 els perfils i p\u00e1gina en les seguents xarxes socials:<br>Instagram:<strong> <a href=\"https:\/\/www.instagram.com\/calganxorestaurant\">https:\/\/www.instagram.com\/calganxorestaurant<\/a><\/strong>\/<br>Facebook: <a href=\"https:\/\/www.facebook.com\/restaurantcalganxo\"><strong>https:\/\/www.facebook.com\/restaurantcalganxo<\/strong><\/a><\/p>\n\n\n\n<p><strong>Cal Ganxo<\/strong>&nbsp;no pot assumir cap responsabilitat derivada de l\u2019\u00fas incorrecte, inadequat o il\u00b7l\u00edcit de la informaci\u00f3 apareguda en les seves p\u00e0gines d\u2019Internet o pres\u00e8ncia online a les diverses xarxes socials. Amb els l\u00edmits establerts a la llei,&nbsp;<strong>Cal Ganxo<\/strong>&nbsp;no assumeix cap responsabilitat derivada de la falta de veracitat, integritat, actualitzaci\u00f3 i precisi\u00f3 de les dades o informacions que es contenen en els seus mitjans online.<\/p>\n\n\n\n<p>Els continguts i informaci\u00f3 de les p\u00e0gines d\u2019Internet i xarxes socials de&nbsp;<strong>Cal Ganxo <\/strong>estan elaborades per professionals degudament qualificats per a l\u2019exercici de la seva professi\u00f3. No obstant aix\u00f2, els continguts i informaci\u00f3 no vinculen a l\u2019esmentada corporaci\u00f3 ni constitueixen opinions, consells o assessorament legal de cap tipus, doncs es tracta merament d\u2019un servei ofert amb car\u00e0cter informatiu i divulgatiu.<\/p>\n\n\n\n<p>Les p\u00e0gines d\u2019Internet o xarxes socials de&nbsp;<strong>Cal Ganxo<\/strong>&nbsp;poden contenir enlla\u00e7os (links) a altres p\u00e0gines de terceres parts. Per tant, aquesta no pot assumir responsabilitats pel contingut que pugui apar\u00e8ixer en p\u00e0gines de tercers. Els textos, imatges, sons, animacions, programari i la resta de continguts inclosos en aquest website s\u00f3n propietat exclusiva de&nbsp;<strong>Cal Ganxo<\/strong>&nbsp;o les seves llicenciants. Qualsevol acte de transmissi\u00f3, distribuci\u00f3, cessi\u00f3, reproducci\u00f3, emmagatzematge o comunicaci\u00f3 p\u00fablica total o parcial, ha de comptar amb el consentiment expr\u00e9s de&nbsp;<strong>Cal Ganxo<\/strong>.<\/p>\n\n\n\n<p>De la mateixa manera es reserva el dret a retirar l\u2019acc\u00e9s al Portal, sense necessitat de previ av\u00eds, a qualsevol usuari que contravingui el disposat en aquest av\u00eds legal.<\/p>\n\n\n\n<p><strong>XARXES SOCIALS<\/strong><br>L\u2019usuari caldr\u00e0 que disposi del seu perfil en aquestes xarxes socials per poder interactuar amb&nbsp;<strong>Cal Ganxo<\/strong>&nbsp;i que accepti la relaci\u00f3 amb la nostra xarxa social. Si aix\u00ed es realitza,&nbsp;<strong>Cal Ganxo<\/strong>&nbsp;tindr\u00e0 acc\u00e9s al perfil de l\u2019usuari d\u2019acord amb els par\u00e0metres estipulats per la pr\u00f2pia xarxa social i podr\u00e0 interactuar amb ell amb l\u2019enviament de missatges, publicacions, participaci\u00f3 en concursos i sortejos. Si l\u2019usuari no desitja que&nbsp;<strong>Cal Ganxo<\/strong>&nbsp;pugui accedir al seu perfil o interrelacionar-se amb ell caldr\u00e0 que es desvinculi del perfil deixant de seguir o eliminar com amistat, seguidor o usuari.<\/p>\n\n\n\n<p>Les actuacions que realitzi&nbsp;<strong>Cal Ganxo<\/strong>&nbsp;podran tenir car\u00e0cter informatiu i\/o publicitari del seus serveis o productes, considerant que la xarxa social es un mitj\u00e0 publicitari, sota la responsabilitat de&nbsp;<strong>Cal Ganxo<\/strong>&nbsp;en quant a les publicacions i comunicacions que realitzen per aquest mitjans online.<\/p>\n\n\n\n<p>La participaci\u00f3 dels usuaris en concursos, promocions o sortejos implicar\u00e0 que l\u2019usuari accepta les bases legals d\u2019aquest concurs, promoci\u00f3 o sorteig que seran publicades a la xarxa social de refer\u00e8ncia en el moment oport\u00fa, i amb la seva participaci\u00f3, implicar\u00e0 que l\u2019usuari ha acceptat les mateixes.<\/p>\n\n\n\n<p>Es recorda als usuaris que les publicacions que realitzin en les xarxes socials ser\u00e0 sota la seva responsabilitat i caldr\u00e0 que respectin la legislaci\u00f3 i els drets de tercers que es puguin afectar, amb especial rellev\u00e0ncia els drets de propietat intel\u00b7lectual, de protecci\u00f3 de dades i de la pr\u00f2pia imatge de tercers, aix\u00ed com les normes de les pr\u00f2pies xarxes socials que consten en els seg\u00fcents links:<br>Facebook:&nbsp;<strong>https:\/\/www.facebook.com\/legal\/terms<\/strong><br>Instagram :&nbsp;<strong>https:\/\/help.instagram.com\/<\/strong><br>Twitter:&nbsp;<strong>https:\/\/twitter.com\/es\/tos\/<\/strong><br>Youtube:&nbsp;<strong>https:\/\/policies.google.com\/privacy<\/strong><\/p>\n\n\n\n<p><strong>PROTECCI\u00d3 DE DADES PERSONALS<\/strong><\/p>\n\n\n\n<p>En virtut de la normativa de protecci\u00f3 de dades de car\u00e0cter personal, per la present autoritza a que les dades personals facilitades en els mitjans online siguin incorporades i tractades en els fitxers responsabilitat de\u00a0<strong>Cal Ganxo<\/strong>\u00a0amb <strong>CIF B43233105<\/strong> i domicili al <strong>Carrer de la Font F, 14<\/strong>, 43813 <strong>Masmolets<\/strong> (<strong>Valls<\/strong>), Tarragona:<\/p>\n\n\n\n<p>-Si aquestes dades son facilitades en els formularis de contacte, aquestes dades seran incorporades en el fitxer de Contactes, responsabilitat de dita entitat, amb la finalitat de poder atendre la seva petici\u00f3 o consulta. Aquestes dades no seran transmeses a terceres persones i seran conservades fins que es doni la resposta a la seva consulta.<br>-Si son tractades a les nostres xarxes socials, d\u2019acord amb el detallat anteriorment, aquestes seran incorporades en el fitxer de Xarxes socials i M\u00e0rqueting responsabilitat d\u2019aquesta entitat, amb la finalitat de gestionar aquella informaci\u00f3 i dades obtingudes de l\u2019interactuaci\u00f3 dels usuaris d\u2019aquestes xarxes amb els perfils\/p\u00e0gina de l\u2019entitat. Aquestes dades seran conservades sempre que es mantingui l\u2019inter\u00e8s leg\u00edtim que va permetre el seu tractament.<\/p>\n\n\n\n<p>En qualsevol cas, podr\u00e0 indicar la revocaci\u00f3 del consentiment atorgat, si aquesta va ser la base que va legitimar el tractament o exercitar els drets previstos:<br>\u2013 D\u2019acc\u00e9s: L\u2019interessat t\u00e9 dret a saber si el responsable del tractament tracta dades personals seves i, si \u00e9s aix\u00ed, t\u00e9 dret a accedir a aquestes dades i a obtenir la informaci\u00f3 al respecte del tractaments realitzats.<br>\u2013 Rectificaci\u00f3: Est\u00e0 vinculat al car\u00e0cter inexacte o incomplet de les dades. L\u2019interessat t\u00e9 dret a rectificar les seves dades personals inexactes i que es completin les seves dades personals incompletes.<br>\u2013 Supressi\u00f3: L\u2019interessat t\u00e9 dret a obtenir la supressi\u00f3 de les seves dades personals (\u201cdret a l\u2019oblit\u201d), quan aquestes ja no s\u00f3n necess\u00e0ries per a la finalitat per a la qual es van recollir, es revoca el consentiment en el qual es basava el tractament, l\u2019interessat s\u2019oposa al tractament, les dades s\u2019han tractat il\u00b7l\u00edcitament, s\u2019han de suprimir per complir una obligaci\u00f3 legal o s\u2019han obtingut en relaci\u00f3 amb l\u2019oferta de serveis de la societat de la informaci\u00f3 adre\u00e7ada a menors.<br>\u2013 Limitaci\u00f3 del tractament: \u00c9s un dret de la persona interessada consistent en marcar les seves dades de car\u00e0cter personal conservades, amb la finalitat de limitar-ne el tractament en el futur. La limitaci\u00f3 del tractament suposa que, a petici\u00f3 de la persona interessada, les seves dades personals es deixen de tractar.<br>\u2013 Oposici\u00f3: l\u2019interessat t\u00e9 dret a oposar-se al tractament de les seves dades quan es basa en alguns sup\u00f2sits concrets i s\u2019invoca un motiu relacionat amb la seva situaci\u00f3 personal.<br>\u2013 Portabilitat de les dades. L\u2019interessat t\u00e9 dret a rebre les dades personals que ha facilitat a un responsable del tractament en un format estructurat, d\u2019\u00fas com\u00fa i de lectura mec\u00e0nica, , si es basa en el consentiment o en un contracte o quan el tractament es fa per mitjans automatitzats.<br>\u2013 No ser objecte de decisions individuals automatitzades:<br>L\u2019interessat t\u00e9 dret a no ser objecte d\u2019una decisi\u00f3 basada nom\u00e9s en el tractament automatitzat de les seves dades, inclosa l\u2019elaboraci\u00f3 de perfils, que produeixi efectes jur\u00eddics en ell o l\u2019afecti negativament.<\/p>\n\n\n\n<p>Aquestes peticions caldr\u00e0 que es faci al Carrer de la Font F, 14, 43813 Masmolets (Valls), Tarragona o a restaurant@calganxo.com.<\/p>\n\n\n\n<p>Aix\u00ed mateix tamb\u00e9 podr\u00e0 presentar una reclamaci\u00f3 davant l\u2019Autoritat Catalana de Protecci\u00f3 de Dades o posar-se en contacte amb el Delegat de Protecci\u00f3 de Dades a : restaurant@calganxo.com.<\/p>\n\n\n\n<p><strong>PROPIETAT INDUSTRIAL I INTEL\u00b7LECTUAL<\/strong><\/p>\n\n\n\n<p>Aquesta web \u00e9s propietat de&nbsp;<strong>Cal Ganxo<\/strong>. Els drets de Propietat Intel\u00b7lectual i drets d\u2019explotaci\u00f3 i reproducci\u00f3 d\u2019aquesta web, de les seves p\u00e0gines, de la seva pres\u00e8ncia a xarxes socials, pantalles, la informaci\u00f3 que contenen, la seva aparen\u00e7a i disseny, aix\u00ed com els vincles (\u201chiperlinks\u201d) que s\u2019estableixin des d\u2019ella a altres p\u00e0gines web de qualsevol centre adscrits o organisme depenent, s\u00f3n propietat exclusiva d\u2019aquesta, tret que expressament s\u2019especifiqui altra cosa.<\/p>\n\n\n\n<p>Qualsevol denominacions, dissenys i\/o logotips, aix\u00ed com qualssevol producte o servei oferts i reflectits en aquesta p\u00e0gina web, s\u00f3n marques degudament registrades per <strong>Cal Ganxo<\/strong> per les seves societats filials i\/o dominades o per tercers.<\/p>\n\n\n\n<p>Qualsevol \u00fas indegut de les mateixes per persones diferents del seu leg\u00edtim titular i sense el consentiment expr\u00e9s i inequ\u00edvoc per part d\u2019aquest podr\u00e0 ser denunciat i perseguit a trav\u00e9s de tots els mitjans legals existents en l\u2019ordenament jur\u00eddic espanyol i\/o comunitari.<\/p>\n\n\n\n<p>Els drets de propietat intel\u00b7lectual i marques de tercers estan destacats convenientment i han de ser respectats per tot aquell que accedeixi a aquesta p\u00e0gina, no essent responsabilitat de&nbsp;<strong>Cal Ganxo<\/strong>&nbsp;l\u2019\u00fas que l\u2019usuari pugui portar a terme referent a aix\u00f2, recaient la responsabilitat exclusiva en la seva persona.<\/p>\n\n\n\n<p>Nom\u00e9s per a \u00fas personal i privat es permet descarregar els continguts, copiar o imprimir qualsevol p\u00e0gina d\u2019aquesta web i xarxes socials. Queda prohibit reproduir, transmetre, modificar o suprimir la informaci\u00f3, contingut o advertiments d\u2019aquesta web sense la pr\u00e8via autoritzaci\u00f3 per escrit de&nbsp;<strong>Cal Ganxo<\/strong>.<\/p>\n\n\n\n<p><strong>Cal Ganxo<\/strong>&nbsp;no transfereix als usuaris la propietat del seu software. L\u2019usuari \u00e9s el propietari del suport en el qual el software \u00e9s gravat.&nbsp;<strong>Cal Ganxo<\/strong>&nbsp;poseeix tots els drets de propietat industrial i intel\u00b7lectual, incloent el software. Si l\u2019 usuari transfereix software d\u2019 aquest website al seu terminal, no podr\u00e0 disseccionar pel seu estudi i descompilar, traduir la versi\u00f3 del codi objecte original o el seu llenguatge a un altre codi o llenguatge.<\/p>\n\n\n\n<p><strong>LLEI APLICABLE I JURISDICCI\u00d3<\/strong><\/p>\n\n\n\n<p>Les presents condicions generals es regeixen per la Legislaci\u00f3 espanyola, sent competents els Jutjats i Tribunals espanyols per a con\u00e8ixer de quantes q\u00fcestions se suscitin sobre la interpretaci\u00f3, aplicaci\u00f3 i compliment de les mateixes. L\u2019usuari, en virtut de la seva acceptaci\u00f3 a les condicions generals recollides en aquest av\u00eds legal i sempre que aquesta submissi\u00f3 sigui possible, renuncia expressament a qualsevol fur que, per aplicaci\u00f3 de la Llei d\u2019Enjudiciament Civil vigent pogu\u00e9s correspondre-li.<\/p>\n","protected":false},"excerpt":{"rendered":"<p>INFORMACI\u00d3 LEGAL LSSIICE D\u2019acord amb les obligacions previstes en la Llei 34\/2002, de Serveis de la Societat de la Informaci\u00f3 i de Comer\u00e7 Electr\u00f2nic (en endavant LSSIICE),\u00a0Cal Ganxo\u00a0amb CIF B43233105 i domicili al Carrer de la Font F, 14, 43813 Masmolets (Valls), Tarragona, i adre\u00e7a electr\u00f2nica restaurant@calganxo.com, manifesta que s\u00f3n de la seva propietat:\u2013 el [&hellip;]<\/p>\n","protected":false},"author":1,"featured_media":0,"parent":0,"menu_order":0,"comment_status":"closed","ping_status":"open","template":"","meta":{"ocean_post_layout":"","ocean_both_sidebars_style":"","ocean_both_sidebars_content_width":0,"ocean_both_sidebars_sidebars_width":0,"ocean_sidebar":"","ocean_second_sidebar":"","ocean_disable_margins":"enable","ocean_add_body_class":"","ocean_shortcode_before_top_bar":"","ocean_shortcode_after_top_bar":"","ocean_shortcode_before_header":"","ocean_shortcode_after_header":"","ocean_has_shortcode":"","ocean_shortcode_after_title":"","ocean_shortcode_before_footer_widgets":"","ocean_shortcode_after_footer_widgets":"","ocean_shortcode_before_footer_bottom":"","ocean_shortcode_after_footer_bottom":"","ocean_display_top_bar":"default","ocean_display_header":"default","ocean_header_style":"","ocean_center_header_left_menu":"","ocean_custom_header_template":"","ocean_custom_logo":0,"ocean_custom_retina_logo":0,"ocean_custom_logo_max_width":0,"ocean_custom_logo_tablet_max_width":0,"ocean_custom_logo_mobile_max_width":0,"ocean_custom_logo_max_height":0,"ocean_custom_logo_tablet_max_height":0,"ocean_custom_logo_mobile_max_height":0,"ocean_header_custom_menu":"","ocean_menu_typo_font_family":"","ocean_menu_typo_font_subset":"","ocean_menu_typo_font_size":0,"ocean_menu_typo_font_size_tablet":0,"ocean_menu_typo_font_size_mobile":0,"ocean_menu_typo_font_size_unit":"px","ocean_menu_typo_font_weight":"","ocean_menu_typo_font_weight_tablet":"","ocean_menu_typo_font_weight_mobile":"","ocean_menu_typo_transform":"","ocean_menu_typo_transform_tablet":"","ocean_menu_typo_transform_mobile":"","ocean_menu_typo_line_height":0,"ocean_menu_typo_line_height_tablet":0,"ocean_menu_typo_line_height_mobile":0,"ocean_menu_typo_line_height_unit":"","ocean_menu_typo_spacing":0,"ocean_menu_typo_spacing_tablet":0,"ocean_menu_typo_spacing_mobile":0,"ocean_menu_typo_spacing_unit":"","ocean_menu_link_color":"","ocean_menu_link_color_hover":"","ocean_menu_link_color_active":"","ocean_menu_link_background":"","ocean_menu_link_hover_background":"","ocean_menu_link_active_background":"","ocean_menu_social_links_bg":"","ocean_menu_social_hover_links_bg":"","ocean_menu_social_links_color":"","ocean_menu_social_hover_links_color":"","ocean_disable_title":"default","ocean_disable_heading":"default","ocean_post_title":"","ocean_post_subheading":"","ocean_post_title_style":"","ocean_post_title_background_color":"","ocean_post_title_background":0,"ocean_post_title_bg_image_position":"","ocean_post_title_bg_image_attachment":"","ocean_post_title_bg_image_repeat":"","ocean_post_title_bg_image_size":"","ocean_post_title_height":0,"ocean_post_title_bg_overlay":0.5,"ocean_post_title_bg_overlay_color":"","ocean_disable_breadcrumbs":"default","ocean_breadcrumbs_color":"","ocean_breadcrumbs_separator_color":"","ocean_breadcrumbs_links_color":"","ocean_breadcrumbs_links_hover_color":"","ocean_display_footer_widgets":"default","ocean_display_footer_bottom":"default","ocean_custom_footer_template":"","footnotes":""},"class_list":["post-782","page","type-page","status-publish","hentry","entry"],"yoast_head":"<!-- This site is optimized with the Yoast SEO plugin v27.4 - https:\/\/yoast.com\/product\/yoast-seo-wordpress\/ -->\n<title>Legal notice and privacy policy - Cal Ganxo Restaurant<\/title>\n<meta name=\"robots\" content=\"index, follow, max-snippet:-1, max-image-preview:large, max-video-preview:-1\" \/>\n<link rel=\"canonical\" href=\"https:\/\/www.calganxo.com\/en\/legal-notice-and-privacy-policy\/\" \/>\n<meta property=\"og:locale\" content=\"en_US\" \/>\n<meta property=\"og:type\" content=\"article\" \/>\n<meta property=\"og:title\" content=\"Legal notice and privacy policy - Cal Ganxo Restaurant\" \/>\n<meta property=\"og:description\" content=\"INFORMACI\u00d3 LEGAL LSSIICE D\u2019acord amb les obligacions previstes en la Llei 34\/2002, de Serveis de la Societat de la Informaci\u00f3 i de Comer\u00e7 Electr\u00f2nic (en endavant LSSIICE),\u00a0Cal Ganxo\u00a0amb CIF B43233105 i domicili al Carrer de la Font F, 14, 43813 Masmolets (Valls), Tarragona, i adre\u00e7a electr\u00f2nica restaurant@calganxo.com, manifesta que s\u00f3n de la seva propietat:\u2013 el [&hellip;]\" \/>\n<meta property=\"og:url\" content=\"https:\/\/www.calganxo.com\/en\/legal-notice-and-privacy-policy\/\" \/>\n<meta property=\"og:site_name\" content=\"Cal Ganxo Restaurant\" \/>\n<meta property=\"article:publisher\" content=\"https:\/\/www.facebook.com\/restaurantcalganxo\" \/>\n<meta property=\"article:modified_time\" content=\"2024-01-24T11:26:16+00:00\" \/>\n<meta name=\"twitter:card\" content=\"summary_large_image\" \/>\n<meta name=\"twitter:label1\" content=\"Est. reading time\" \/>\n\t<meta name=\"twitter:data1\" content=\"9 minutes\" \/>\n<script type=\"application\/ld+json\" class=\"yoast-schema-graph\">{\"@context\":\"https:\\\/\\\/schema.org\",\"@graph\":[{\"@type\":\"WebPage\",\"@id\":\"https:\\\/\\\/www.calganxo.com\\\/en\\\/legal-notice-and-privacy-policy\\\/\",\"url\":\"https:\\\/\\\/www.calganxo.com\\\/en\\\/legal-notice-and-privacy-policy\\\/\",\"name\":\"Legal notice and privacy policy - Cal Ganxo Restaurant\",\"isPartOf\":{\"@id\":\"https:\\\/\\\/www.calganxo.com\\\/en\\\/#website\"},\"datePublished\":\"2023-11-23T12:50:29+00:00\",\"dateModified\":\"2024-01-24T11:26:16+00:00\",\"breadcrumb\":{\"@id\":\"https:\\\/\\\/www.calganxo.com\\\/en\\\/legal-notice-and-privacy-policy\\\/#breadcrumb\"},\"inLanguage\":\"en-US\",\"potentialAction\":[{\"@type\":\"ReadAction\",\"target\":[\"https:\\\/\\\/www.calganxo.com\\\/en\\\/legal-notice-and-privacy-policy\\\/\"]}]},{\"@type\":\"BreadcrumbList\",\"@id\":\"https:\\\/\\\/www.calganxo.com\\\/en\\\/legal-notice-and-privacy-policy\\\/#breadcrumb\",\"itemListElement\":[{\"@type\":\"ListItem\",\"position\":1,\"name\":\"Inici\",\"item\":\"https:\\\/\\\/www.calganxo.com\\\/en\\\/\"},{\"@type\":\"ListItem\",\"position\":2,\"name\":\"Legal notice and privacy policy\"}]},{\"@type\":\"WebSite\",\"@id\":\"https:\\\/\\\/www.calganxo.com\\\/en\\\/#website\",\"url\":\"https:\\\/\\\/www.calganxo.com\\\/en\\\/\",\"name\":\"Restaurant Cal Ganxo\",\"description\":\"Restaurant Cal Ganxo, les millors cal\u00e7otades\",\"publisher\":{\"@id\":\"https:\\\/\\\/www.calganxo.com\\\/en\\\/#organization\"},\"potentialAction\":[{\"@type\":\"SearchAction\",\"target\":{\"@type\":\"EntryPoint\",\"urlTemplate\":\"https:\\\/\\\/www.calganxo.com\\\/en\\\/?s={search_term_string}\"},\"query-input\":{\"@type\":\"PropertyValueSpecification\",\"valueRequired\":true,\"valueName\":\"search_term_string\"}}],\"inLanguage\":\"en-US\"},{\"@type\":\"Organization\",\"@id\":\"https:\\\/\\\/www.calganxo.com\\\/en\\\/#organization\",\"name\":\"Restaurant Cal Ganxo\",\"url\":\"https:\\\/\\\/www.calganxo.com\\\/en\\\/\",\"logo\":{\"@type\":\"ImageObject\",\"inLanguage\":\"en-US\",\"@id\":\"https:\\\/\\\/www.calganxo.com\\\/en\\\/#\\\/schema\\\/logo\\\/image\\\/\",\"url\":\"https:\\\/\\\/www.calganxo.com\\\/wp-content\\\/uploads\\\/2023\\\/12\\\/restaurant-cal-ganxo-2x.png\",\"contentUrl\":\"https:\\\/\\\/www.calganxo.com\\\/wp-content\\\/uploads\\\/2023\\\/12\\\/restaurant-cal-ganxo-2x.png\",\"width\":715,\"height\":600,\"caption\":\"Restaurant Cal Ganxo\"},\"image\":{\"@id\":\"https:\\\/\\\/www.calganxo.com\\\/en\\\/#\\\/schema\\\/logo\\\/image\\\/\"},\"sameAs\":[\"https:\\\/\\\/www.facebook.com\\\/restaurantcalganxo\",\"https:\\\/\\\/www.instagram.com\\\/calganxorestaurant\\\/\",\"https:\\\/\\\/www.youtube.com\\\/@restaurantcalganxo9257\"]}]}<\/script>\n<!-- \/ Yoast SEO plugin. -->","yoast_head_json":{"title":"Legal notice and privacy policy - Cal Ganxo Restaurant","robots":{"index":"index","follow":"follow","max-snippet":"max-snippet:-1","max-image-preview":"max-image-preview:large","max-video-preview":"max-video-preview:-1"},"canonical":"https:\/\/www.calganxo.com\/en\/legal-notice-and-privacy-policy\/","og_locale":"en_US","og_type":"article","og_title":"Legal notice and privacy policy - Cal Ganxo Restaurant","og_description":"INFORMACI\u00d3 LEGAL LSSIICE D\u2019acord amb les obligacions previstes en la Llei 34\/2002, de Serveis de la Societat de la Informaci\u00f3 i de Comer\u00e7 Electr\u00f2nic (en endavant LSSIICE),\u00a0Cal Ganxo\u00a0amb CIF B43233105 i domicili al Carrer de la Font F, 14, 43813 Masmolets (Valls), Tarragona, i adre\u00e7a electr\u00f2nica restaurant@calganxo.com, manifesta que s\u00f3n de la seva propietat:\u2013 el [&hellip;]","og_url":"https:\/\/www.calganxo.com\/en\/legal-notice-and-privacy-policy\/","og_site_name":"Cal Ganxo Restaurant","article_publisher":"https:\/\/www.facebook.com\/restaurantcalganxo","article_modified_time":"2024-01-24T11:26:16+00:00","twitter_card":"summary_large_image","twitter_misc":{"Est. reading time":"9 minutes"},"schema":{"@context":"https:\/\/schema.org","@graph":[{"@type":"WebPage","@id":"https:\/\/www.calganxo.com\/en\/legal-notice-and-privacy-policy\/","url":"https:\/\/www.calganxo.com\/en\/legal-notice-and-privacy-policy\/","name":"Legal notice and privacy policy - Cal Ganxo Restaurant","isPartOf":{"@id":"https:\/\/www.calganxo.com\/en\/#website"},"datePublished":"2023-11-23T12:50:29+00:00","dateModified":"2024-01-24T11:26:16+00:00","breadcrumb":{"@id":"https:\/\/www.calganxo.com\/en\/legal-notice-and-privacy-policy\/#breadcrumb"},"inLanguage":"en-US","potentialAction":[{"@type":"ReadAction","target":["https:\/\/www.calganxo.com\/en\/legal-notice-and-privacy-policy\/"]}]},{"@type":"BreadcrumbList","@id":"https:\/\/www.calganxo.com\/en\/legal-notice-and-privacy-policy\/#breadcrumb","itemListElement":[{"@type":"ListItem","position":1,"name":"Inici","item":"https:\/\/www.calganxo.com\/en\/"},{"@type":"ListItem","position":2,"name":"Legal notice and privacy policy"}]},{"@type":"WebSite","@id":"https:\/\/www.calganxo.com\/en\/#website","url":"https:\/\/www.calganxo.com\/en\/","name":"Restaurant Cal Ganxo","description":"Restaurant Cal Ganxo, les millors cal\u00e7otades","publisher":{"@id":"https:\/\/www.calganxo.com\/en\/#organization"},"potentialAction":[{"@type":"SearchAction","target":{"@type":"EntryPoint","urlTemplate":"https:\/\/www.calganxo.com\/en\/?s={search_term_string}"},"query-input":{"@type":"PropertyValueSpecification","valueRequired":true,"valueName":"search_term_string"}}],"inLanguage":"en-US"},{"@type":"Organization","@id":"https:\/\/www.calganxo.com\/en\/#organization","name":"Restaurant Cal Ganxo","url":"https:\/\/www.calganxo.com\/en\/","logo":{"@type":"ImageObject","inLanguage":"en-US","@id":"https:\/\/www.calganxo.com\/en\/#\/schema\/logo\/image\/","url":"https:\/\/www.calganxo.com\/wp-content\/uploads\/2023\/12\/restaurant-cal-ganxo-2x.png","contentUrl":"https:\/\/www.calganxo.com\/wp-content\/uploads\/2023\/12\/restaurant-cal-ganxo-2x.png","width":715,"height":600,"caption":"Restaurant Cal Ganxo"},"image":{"@id":"https:\/\/www.calganxo.com\/en\/#\/schema\/logo\/image\/"},"sameAs":["https:\/\/www.facebook.com\/restaurantcalganxo","https:\/\/www.instagram.com\/calganxorestaurant\/","https:\/\/www.youtube.com\/@restaurantcalganxo9257"]}]}},"_links":{"self":[{"href":"https:\/\/www.calganxo.com\/en\/wp-json\/wp\/v2\/pages\/782","targetHints":{"allow":["GET"]}}],"collection":[{"href":"https:\/\/www.calganxo.com\/en\/wp-json\/wp\/v2\/pages"}],"about":[{"href":"https:\/\/www.calganxo.com\/en\/wp-json\/wp\/v2\/types\/page"}],"author":[{"embeddable":true,"href":"https:\/\/www.calganxo.com\/en\/wp-json\/wp\/v2\/users\/1"}],"replies":[{"embeddable":true,"href":"https:\/\/www.calganxo.com\/en\/wp-json\/wp\/v2\/comments?post=782"}],"version-history":[{"count":1,"href":"https:\/\/www.calganxo.com\/en\/wp-json\/wp\/v2\/pages\/782\/revisions"}],"predecessor-version":[{"id":936,"href":"https:\/\/www.calganxo.com\/en\/wp-json\/wp\/v2\/pages\/782\/revisions\/936"}],"wp:attachment":[{"href":"https:\/\/www.calganxo.com\/en\/wp-json\/wp\/v2\/media?parent=782"}],"curies":[{"name":"wp","href":"https:\/\/api.w.org\/{rel}","templated":true}]}}